{"id":2989,"date":"2025-09-08T14:58:52","date_gmt":"2025-09-08T17:58:52","guid":{"rendered":"https:\/\/projects.upei.ca\/geolab\/?page_id=2989"},"modified":"2026-04-09T10:10:09","modified_gmt":"2026-04-09T13:10:09","slug":"funding-work-opportunities","status":"publish","type":"page","link":"http:\/\/projects.upei.ca\/geolab\/people\/funding-work-opportunities\/","title":{"rendered":"Funding-Work Opportunities"},"content":{"rendered":"\n<p><strong>Funded Masters of Arts (Island Studies) position studying &#8220;Island Metabolisms and the Genesis of the Canadian Agri\u2011Food System.&#8221;<\/strong><\/p>\n\n\n\n<p>Apply by 1 July, 2026 for September start. <\/p>\n\n\n\n<figure data-wp-context=\"{ &quot;core&quot;:\n\t\t\t\t{ &quot;image&quot;:\n\t\t\t\t\t{   &quot;imageLoaded&quot;: false,\n\t\t\t\t\t\t&quot;initialized&quot;: false,\n\t\t\t\t\t\t&quot;lightboxEnabled&quot;: false,\n\t\t\t\t\t\t&quot;hideAnimationEnabled&quot;: false,\n\t\t\t\t\t\t&quot;preloadInitialized&quot;: false,\n\t\t\t\t\t\t&quot;lightboxAnimation&quot;: &quot;zoom&quot;,\n\t\t\t\t\t\t&quot;imageUploadedSrc&quot;: &quot;http:\/\/projects.upei.ca\/geolab\/files\/2026\/04\/MacFadyen-UPEI-GeoREACH-Lab-Funded-MA-ad-Island-Metabolisms-in-the-Gulf.jpg&quot;,\n\t\t\t\t\t\t&quot;imageCurrentSrc&quot;: &quot;&quot;,\n\t\t\t\t\t\t&quot;targetWidth&quot;: &quot;1600&quot;,\n\t\t\t\t\t\t&quot;targetHeight&quot;: &quot;900&quot;,\n\t\t\t\t\t\t&quot;scaleAttr&quot;: &quot;&quot;,\n\t\t\t\t\t\t&quot;dialogLabel&quot;: &quot;Enlarged image&quot;\n\t\t\t\t\t}\n\t\t\t\t}\n\t\t\t}\" data-wp-interactive class=\"wp-block-image size-large wp-lightbox-container\"><img loading=\"lazy\" decoding=\"async\" width=\"584\" height=\"329\" data-wp-effect--setStylesOnResize=\"effects.core.image.setStylesOnResize\" data-wp-effect=\"effects.core.image.setButtonStyles\" data-wp-init=\"effects.core.image.initOriginImage\" data-wp-on--click=\"actions.core.image.showLightbox\" data-wp-on--load=\"actions.core.image.handleLoad\" src=\"https:\/\/i0.wp.com\/projects.upei.ca\/geolab\/files\/2026\/04\/MacFadyen-UPEI-GeoREACH-Lab-Funded-MA-ad-Island-Metabolisms-in-the-Gulf-1024x576.jpg?resize=584%2C329&#038;ssl=1\" alt=\"\" class=\"wp-image-3032\" srcset=\"https:\/\/i0.wp.com\/projects.upei.ca\/geolab\/files\/2026\/04\/MacFadyen-UPEI-GeoREACH-Lab-Funded-MA-ad-Island-Metabolisms-in-the-Gulf.jpg?resize=1024%2C576 1024w, https:\/\/i0.wp.com\/projects.upei.ca\/geolab\/files\/2026\/04\/MacFadyen-UPEI-GeoREACH-Lab-Funded-MA-ad-Island-Metabolisms-in-the-Gulf.jpg?resize=300%2C169 300w, https:\/\/i0.wp.com\/projects.upei.ca\/geolab\/files\/2026\/04\/MacFadyen-UPEI-GeoREACH-Lab-Funded-MA-ad-Island-Metabolisms-in-the-Gulf.jpg?resize=768%2C432 768w, https:\/\/i0.wp.com\/projects.upei.ca\/geolab\/files\/2026\/04\/MacFadyen-UPEI-GeoREACH-Lab-Funded-MA-ad-Island-Metabolisms-in-the-Gulf.jpg?resize=1536%2C864 1536w, https:\/\/i0.wp.com\/projects.upei.ca\/geolab\/files\/2026\/04\/MacFadyen-UPEI-GeoREACH-Lab-Funded-MA-ad-Island-Metabolisms-in-the-Gulf.jpg?resize=500%2C281 500w, https:\/\/i0.wp.com\/projects.upei.ca\/geolab\/files\/2026\/04\/MacFadyen-UPEI-GeoREACH-Lab-Funded-MA-ad-Island-Metabolisms-in-the-Gulf.jpg?w=1600 1600w, https:\/\/i0.wp.com\/projects.upei.ca\/geolab\/files\/2026\/04\/MacFadyen-UPEI-GeoREACH-Lab-Funded-MA-ad-Island-Metabolisms-in-the-Gulf.jpg?w=1168 1168w\" sizes=\"(max-width: 584px) 100vw, 584px\" data-recalc-dims=\"1\" \/><button\n\t\t\tclass=\"lightbox-trigger\"\n\t\t\ttype=\"button\"\n\t\t\taria-haspopup=\"dialog\"\n\t\t\taria-label=\"Enlarge image\"\n\t\t\tdata-wp-on--click=\"actions.core.image.showLightbox\"\n\t\t\tdata-wp-style--right=\"context.core.image.imageButtonRight\"\n\t\t\tdata-wp-style--top=\"context.core.image.imageButtonTop\"\n\t\t>\n\t\t\t<svg xmlns=\"http:\/\/www.w3.org\/2000\/svg\" width=\"12\" height=\"12\" fill=\"none\" viewBox=\"0 0 12 12\">\n\t\t\t\t<path fill=\"#fff\" d=\"M2 0a2 2 0 0 0-2 2v2h1.5V2a.5.5 0 0 1 .5-.5h2V0H2Zm2 10.5H2a.5.5 0 0 1-.5-.5V8H0v2a2 2 0 0 0 2 2h2v-1.5ZM8 12v-1.5h2a.5.5 0 0 0 .5-.5V8H12v2a2 2 0 0 1-2 2H8Zm2-12a2 2 0 0 1 2 2v2h-1.5V2a.5.5 0 0 0-.5-.5H8V0h2Z\" \/>\n\t\t\t<\/svg>\n\t\t<\/button>        <div data-wp-body=\"\" class=\"wp-lightbox-overlay zoom\"\n            data-wp-bind--role=\"selectors.core.image.roleAttribute\"\n            data-wp-bind--aria-label=\"selectors.core.image.dialogLabel\"\n            data-wp-class--initialized=\"context.core.image.initialized\"\n            data-wp-class--active=\"context.core.image.lightboxEnabled\"\n            data-wp-class--hideAnimationEnabled=\"context.core.image.hideAnimationEnabled\"\n            data-wp-bind--aria-modal=\"selectors.core.image.ariaModal\"\n            data-wp-effect=\"effects.core.image.initLightbox\"\n            data-wp-on--keydown=\"actions.core.image.handleKeydown\"\n            data-wp-on--touchstart=\"actions.core.image.handleTouchStart\"\n            data-wp-on--touchmove=\"actions.core.image.handleTouchMove\"\n            data-wp-on--touchend=\"actions.core.image.handleTouchEnd\"\n            data-wp-on--click=\"actions.core.image.hideLightbox\"\n            tabindex=\"-1\"\n            >\n                <button type=\"button\" aria-label=\"Close\" style=\"fill: #000\" class=\"close-button\" data-wp-on--click=\"actions.core.image.hideLightbox\">\n                    <svg xmlns=\"http:\/\/www.w3.org\/2000\/svg\" viewBox=\"0 0 24 24\" width=\"20\" height=\"20\" aria-hidden=\"true\" focusable=\"false\"><path d=\"M13 11.8l6.1-6.3-1-1-6.1 6.2-6.1-6.2-1 1 6.1 6.3-6.5 6.7 1 1 6.5-6.6 6.5 6.6 1-1z\"><\/path><\/svg>\n                <\/button>\n                <div class=\"lightbox-image-container\">\n<figure class=\"wp-block-image size-large responsive-image\"><img decoding=\"async\" data-wp-bind--src=\"context.core.image.imageCurrentSrc\" data-wp-style--object-fit=\"selectors.core.image.lightboxObjectFit\" src=\"\" alt=\"\" class=\"wp-image-3032\" \/><\/figure>\n<\/div>\n                <div class=\"lightbox-image-container\">\n<figure class=\"wp-block-image size-large enlarged-image\"><img decoding=\"async\" data-wp-bind--src=\"selectors.core.image.enlargedImgSrc\" data-wp-style--object-fit=\"selectors.core.image.lightboxObjectFit\" src=\"\" alt=\"\" class=\"wp-image-3032\" \/><\/figure>\n<\/div>\n                <div class=\"scrim\" style=\"background-color: #fff\" aria-hidden=\"true\"><\/div>\n        <\/div><\/figure>\n\n\n\n<p>This position offers up to two years of funding ($20,000 per year) for a highly motivated graduate student in the UPEI Master of Arts in Island Studies (thesis stream) to join the GeoREACH Lab and undertake original, research-intensive work on islands in the Gulf of St. Lawrence and lower St. Lawrence River regions. The successful applicant will develop and apply historical and geographical research methods to the study of social ecological metabolism, with particular emphasis on the nineteenth and twentieth centuries. The project will involve close engagement with archival and secondary sources, including French\u2011Canadian materials, and will contribute to a deeper understanding of island food systems, energy landscapes, infrastructures, and socio\u2011environmental change. Applicants should hold an undergraduate degree in history, geography, Atlantic Canada studies, or a related discipline; fluency in French is considered an asset, and the ability to read and conduct research in French is required.<\/p>\n\n\n\n<p>The student will work under the supervision of Dr. Joshua MacFadyen, Director of the UPEI GeoREACH Lab, and will become an active member of the SSHRC Insight Grant\u2013funded project Gen\u00e8se du syst\u00e8me agro\u2011alimentaire canadien: trajectoires paysag\u00e8res, infrastructures techniques et commercialisation, 1870\u20131930 (Genesis of the Canadian Agri\u2011Food System). Through this collaboration, the student will gain experience working within a larger, interdisciplinary research team and will have regular opportunities to collaborate with partners at Universit\u00e9 du Qu\u00e9bec \u00e0 Trois\u2011Rivi\u00e8res, where the project is led by the principal investigator, Dr. St\u00e9phane Castonguay. The position provides a strong foundation for advanced graduate training, scholarly publication, and professional development in historical geography, island studies, and environmental history.<\/p>\n\n\n\n<p><strong>Application Process:<\/strong><\/p>\n\n\n\n<p>Interested applicants should submit a brief (2-page) statement of research interests, a curriculum vitae, and the names and contact information of two academic referees&nbsp;<strong>directly to Dr. Joshua MacFadyen <\/strong>(<a href=\"mailto:jdmacfadyen@upei.ca\">jdmacfadyen@upei.ca<\/a>)&nbsp;<strong>by 1 July for initial consideration (all applicants)<\/strong>. In addition, applicants must submit a formal application to the&nbsp;<strong>MA in Island Studies (thesis stream) through UPEI Graduate Admissions<\/strong>by the relevant institutional deadlines:&nbsp;<strong>July 1 for international applicants and August 15 for domestic applicants<\/strong>. Please include some of the same brief (2-page) statement of research interests in the Statement of (Research) Interests required for the application. Admission to the program is required for the appointment to proceed, and applicants are encouraged to consult UPEI Graduate Studies for full application requirements.<\/p>\n\n\n\n<p>Full details at: <a href=\"https:\/\/www.upei.ca\/programs\/island-studies\/scholarships\">https:\/\/www.upei.ca\/programs\/island-studies\/scholarships<\/a><\/p>\n\n\n\n<p><strong>MHHK Project, Summer 2026<\/strong><\/p>\n\n\n\n<p>In partnership with the MITACS scheme, the University of Prince Edward Island is advertising two 12-week summer internships for students to work on the Mapping Historical Hong Kong spatial history project during Summer 2026. Students must be in the later three years of their undergraduate programmes, or enrolled joint undergraduate-to-masters programmes (please see&nbsp;<a href=\"https:\/\/www.mitacs.ca\/our-programs\/globalink-research-internship-students\/\">eligibility requirements<\/a>&nbsp;for further details). MITACS will provide successful applicants with funding for airfare, transportation, and accommodation, as well as a stipend for food and incidentals, any associated enrollment fees with UPEI, and a health insurance policy for the duration of their stay. Interested students must submit their applications by 17 September 2025.<\/p>\n\n\n\n<p>Applications are due on&nbsp;<strong>17 September<\/strong> 2025. It is relatively easy to apply, but it does require two letters of reference to be sent directly to the program by&nbsp;<strong>24 September<\/strong>. To apply students should go to the Globalink website (below) and click \u201cApply Now.\u201d<\/p>\n\n\n\n<p><a href=\"https:\/\/www.fulbright.ca\/programs\/undergraduate-students\/fulbright-canada-mitacs-globalink-program\">https:\/\/www.fulbright.ca\/programs\/undergraduate-students\/fulbright-canada-mitacs-globalink-program<\/a><\/p>\n\n\n\n<p>More details about the program of research are below, but to identify the project in the application system students need to enter \u201cLarkin\u201d in the \u201cFaculty Last Name\u201d field. The full ID and description are also pasted below. <\/p>\n\n\n\n<p><a href=\"https:\/\/globalink.mitacs.ca\/#\/student\/application\/projects\">https:\/\/globalink.mitacs.ca\/#\/student\/application\/projects<\/a><\/p>\n\n\n\n<p>Feel free to reach out to Drs. Larkin or MacFadyen if you have any questions. We hope all eligible and interested candidates will apply!<\/p>\n\n\n\n<p><strong>Project ID 49248<\/strong><\/p>\n\n\n\n<p><strong>Mapping Historic Hong Kong<\/strong><\/p>\n\n\n\n<p>Mapping Historic Hong Kong (MHHK) is a pilot initiative that uses mapping software to archive and visualise data regarding Hong Kong\u2019s colonial development (1841-1997); and to make such information accessible to both a public audience and academic researchers through the creation of an open-access online mapping platform that allows users to explore Hong Kong\u2019s growth and uncover a range of information about its urban development. The MHHK project&#8217;s overarching goal is to use digital mapping to develop an open-access online platform that spatially organises archival records, historical data, and visual materials related to Hong Kong\u2019s colonial development between 1841 and 1997. Under this directive, the MHHK project has two primary objectives: I. To address the challenges of changing archival access and historical narratives about Hong Kong\u2019s colonial past through spatially organised archival data and visual storytelling. II. To use the digital medium of mapping to cultivate a renewed interest in the relationship between history, space, and place. The project uses the QGIS platform to build a suite of georeferenced maps from primary source materials to visualize Hong Kong\u2019s historic development. These maps integrate archival materials from the Hong Kong History Centre\u2019s forthcoming Historical Photographs project and archives, the Richard Charles Lee Canada Hong Kong Library, and spatial data from the Hong Kong Public Records Office\u2019s Land Registry. Affiliated with the Hong Kong Spatial Data Project, MHHK is part of a new effort to explore how digital mapping tools and new technologies can be integrated with historical research to encourage urban heritage and an appreciation for histories of urban space and\/or place, while benefiting both academic researchers and the wider public.<\/p>\n\n\n\n<p><\/p>\n","protected":false},"excerpt":{"rendered":"<p>Funded Masters of Arts (Island Studies) position studying &#8220;Island Metabolisms and the Genesis of the Canadian Agri\u2011Food System.&#8221; Apply by 1 July, 2026 for September start. This position offers up to two years of funding ($20,000 per year) for a &hellip; <a href=\"http:\/\/projects.upei.ca\/geolab\/people\/funding-work-opportunities\/\">Continue reading <span class=\"meta-nav\">&rarr;<\/span><\/a><\/p>\n","protected":false},"author":205,"featured_media":1480,"parent":450,"menu_order":0,"comment_status":"closed","ping_status":"closed","template":"","meta":{"jetpack_post_was_ever_published":false,"footnotes":""},"tags":[54,113,112,7],"yoast_head":"<!-- This site is optimized with the Yoast SEO plugin v23.1 - https:\/\/yoast.com\/wordpress\/plugins\/seo\/ -->\n<title>Funding-Work Opportunities - The GeoREACH Lab at UPEI<\/title>\n<meta name=\"robots\" content=\"index, follow, max-snippet:-1, max-image-preview:large, max-video-preview:-1\" \/>\n<link rel=\"canonical\" href=\"https:\/\/projects.upei.ca\/geolab\/people\/funding-work-opportunities\/\" \/>\n<meta property=\"og:locale\" content=\"en_US\" \/>\n<meta property=\"og:type\" content=\"article\" \/>\n<meta property=\"og:title\" content=\"Funding-Work Opportunities - The GeoREACH Lab at UPEI\" \/>\n<meta property=\"og:description\" content=\"Funded Masters of Arts (Island Studies) position studying &#8220;Island Metabolisms and the Genesis of the Canadian Agri\u2011Food System.&#8221; Apply by 1 July, 2026 for September start. This position offers up to two years of funding ($20,000 per year) for a &hellip; Continue reading &rarr;\" \/>\n<meta property=\"og:url\" content=\"https:\/\/projects.upei.ca\/geolab\/people\/funding-work-opportunities\/\" \/>\n<meta property=\"og:site_name\" content=\"The GeoREACH Lab at UPEI\" \/>\n<meta property=\"article:modified_time\" content=\"2026-04-09T13:10:09+00:00\" \/>\n<meta property=\"og:image\" content=\"https:\/\/i0.wp.com\/projects.upei.ca\/geolab\/files\/2021\/10\/image.png?fit=624%2C416&ssl=1\" \/>\n\t<meta property=\"og:image:width\" content=\"624\" \/>\n\t<meta property=\"og:image:height\" content=\"416\" \/>\n\t<meta property=\"og:image:type\" content=\"image\/png\" \/>\n<meta name=\"twitter:card\" content=\"summary_large_image\" \/>\n<meta name=\"twitter:label1\" content=\"Est. reading time\" \/>\n\t<meta name=\"twitter:data1\" content=\"5 minutes\" \/>\n<script type=\"application\/ld+json\" class=\"yoast-schema-graph\">{\"@context\":\"https:\/\/schema.org\",\"@graph\":[{\"@type\":\"WebPage\",\"@id\":\"https:\/\/projects.upei.ca\/geolab\/people\/funding-work-opportunities\/\",\"url\":\"https:\/\/projects.upei.ca\/geolab\/people\/funding-work-opportunities\/\",\"name\":\"Funding-Work Opportunities - The GeoREACH Lab at UPEI\",\"isPartOf\":{\"@id\":\"https:\/\/projects.upei.ca\/geolab\/#website\"},\"primaryImageOfPage\":{\"@id\":\"https:\/\/projects.upei.ca\/geolab\/people\/funding-work-opportunities\/#primaryimage\"},\"image\":{\"@id\":\"https:\/\/projects.upei.ca\/geolab\/people\/funding-work-opportunities\/#primaryimage\"},\"thumbnailUrl\":\"https:\/\/i0.wp.com\/projects.upei.ca\/geolab\/files\/2021\/10\/image.png?fit=624%2C416\",\"datePublished\":\"2025-09-08T17:58:52+00:00\",\"dateModified\":\"2026-04-09T13:10:09+00:00\",\"breadcrumb\":{\"@id\":\"https:\/\/projects.upei.ca\/geolab\/people\/funding-work-opportunities\/#breadcrumb\"},\"inLanguage\":\"en-US\",\"potentialAction\":[{\"@type\":\"ReadAction\",\"target\":[\"https:\/\/projects.upei.ca\/geolab\/people\/funding-work-opportunities\/\"]}]},{\"@type\":\"ImageObject\",\"inLanguage\":\"en-US\",\"@id\":\"https:\/\/projects.upei.ca\/geolab\/people\/funding-work-opportunities\/#primaryimage\",\"url\":\"https:\/\/i0.wp.com\/projects.upei.ca\/geolab\/files\/2021\/10\/image.png?fit=624%2C416\",\"contentUrl\":\"https:\/\/i0.wp.com\/projects.upei.ca\/geolab\/files\/2021\/10\/image.png?fit=624%2C416\",\"width\":624,\"height\":416,\"caption\":\"David MacFadyen, Francis MacNaughton, and Frank (or Francis) \u201cGrampie\u201d Russell putting hay in the 1850s-built barn on the Russell farm, Glenelg, Northumberland County, New Brunswick, Canada, ca. 1969.\"},{\"@type\":\"BreadcrumbList\",\"@id\":\"https:\/\/projects.upei.ca\/geolab\/people\/funding-work-opportunities\/#breadcrumb\",\"itemListElement\":[{\"@type\":\"ListItem\",\"position\":1,\"name\":\"Home\",\"item\":\"https:\/\/projects.upei.ca\/geolab\/\"},{\"@type\":\"ListItem\",\"position\":2,\"name\":\"Team\",\"item\":\"http:\/\/projects.upei.ca\/geolab\/people\/\"},{\"@type\":\"ListItem\",\"position\":3,\"name\":\"Funding-Work Opportunities\"}]},{\"@type\":\"WebSite\",\"@id\":\"https:\/\/projects.upei.ca\/geolab\/#website\",\"url\":\"https:\/\/projects.upei.ca\/geolab\/\",\"name\":\"The GeoREACH Lab at UPEI\",\"description\":\"Supporting Geospatial Research in Atlantic Canadian History\",\"potentialAction\":[{\"@type\":\"SearchAction\",\"target\":{\"@type\":\"EntryPoint\",\"urlTemplate\":\"https:\/\/projects.upei.ca\/geolab\/?s={search_term_string}\"},\"query-input\":\"required name=search_term_string\"}],\"inLanguage\":\"en-US\"}]}<\/script>\n<!-- \/ Yoast SEO plugin. -->","yoast_head_json":{"title":"Funding-Work Opportunities - The GeoREACH Lab at UPEI","robots":{"index":"index","follow":"follow","max-snippet":"max-snippet:-1","max-image-preview":"max-image-preview:large","max-video-preview":"max-video-preview:-1"},"canonical":"https:\/\/projects.upei.ca\/geolab\/people\/funding-work-opportunities\/","og_locale":"en_US","og_type":"article","og_title":"Funding-Work Opportunities - The GeoREACH Lab at UPEI","og_description":"Funded Masters of Arts (Island Studies) position studying &#8220;Island Metabolisms and the Genesis of the Canadian Agri\u2011Food System.&#8221; Apply by 1 July, 2026 for September start. This position offers up to two years of funding ($20,000 per year) for a &hellip; Continue reading &rarr;","og_url":"https:\/\/projects.upei.ca\/geolab\/people\/funding-work-opportunities\/","og_site_name":"The GeoREACH Lab at UPEI","article_modified_time":"2026-04-09T13:10:09+00:00","og_image":[{"width":624,"height":416,"url":"https:\/\/i0.wp.com\/projects.upei.ca\/geolab\/files\/2021\/10\/image.png?fit=624%2C416&ssl=1","type":"image\/png"}],"twitter_card":"summary_large_image","twitter_misc":{"Est. reading time":"5 minutes"},"schema":{"@context":"https:\/\/schema.org","@graph":[{"@type":"WebPage","@id":"https:\/\/projects.upei.ca\/geolab\/people\/funding-work-opportunities\/","url":"https:\/\/projects.upei.ca\/geolab\/people\/funding-work-opportunities\/","name":"Funding-Work Opportunities - The GeoREACH Lab at UPEI","isPartOf":{"@id":"https:\/\/projects.upei.ca\/geolab\/#website"},"primaryImageOfPage":{"@id":"https:\/\/projects.upei.ca\/geolab\/people\/funding-work-opportunities\/#primaryimage"},"image":{"@id":"https:\/\/projects.upei.ca\/geolab\/people\/funding-work-opportunities\/#primaryimage"},"thumbnailUrl":"https:\/\/i0.wp.com\/projects.upei.ca\/geolab\/files\/2021\/10\/image.png?fit=624%2C416","datePublished":"2025-09-08T17:58:52+00:00","dateModified":"2026-04-09T13:10:09+00:00","breadcrumb":{"@id":"https:\/\/projects.upei.ca\/geolab\/people\/funding-work-opportunities\/#breadcrumb"},"inLanguage":"en-US","potentialAction":[{"@type":"ReadAction","target":["https:\/\/projects.upei.ca\/geolab\/people\/funding-work-opportunities\/"]}]},{"@type":"ImageObject","inLanguage":"en-US","@id":"https:\/\/projects.upei.ca\/geolab\/people\/funding-work-opportunities\/#primaryimage","url":"https:\/\/i0.wp.com\/projects.upei.ca\/geolab\/files\/2021\/10\/image.png?fit=624%2C416","contentUrl":"https:\/\/i0.wp.com\/projects.upei.ca\/geolab\/files\/2021\/10\/image.png?fit=624%2C416","width":624,"height":416,"caption":"David MacFadyen, Francis MacNaughton, and Frank (or Francis) \u201cGrampie\u201d Russell putting hay in the 1850s-built barn on the Russell farm, Glenelg, Northumberland County, New Brunswick, Canada, ca. 1969."},{"@type":"BreadcrumbList","@id":"https:\/\/projects.upei.ca\/geolab\/people\/funding-work-opportunities\/#breadcrumb","itemListElement":[{"@type":"ListItem","position":1,"name":"Home","item":"https:\/\/projects.upei.ca\/geolab\/"},{"@type":"ListItem","position":2,"name":"Team","item":"http:\/\/projects.upei.ca\/geolab\/people\/"},{"@type":"ListItem","position":3,"name":"Funding-Work Opportunities"}]},{"@type":"WebSite","@id":"https:\/\/projects.upei.ca\/geolab\/#website","url":"https:\/\/projects.upei.ca\/geolab\/","name":"The GeoREACH Lab at UPEI","description":"Supporting Geospatial Research in Atlantic Canadian History","potentialAction":[{"@type":"SearchAction","target":{"@type":"EntryPoint","urlTemplate":"https:\/\/projects.upei.ca\/geolab\/?s={search_term_string}"},"query-input":"required name=search_term_string"}],"inLanguage":"en-US"}]}},"jetpack_sharing_enabled":true,"jetpack_shortlink":"https:\/\/wp.me\/PaUfnZ-Md","_links":{"self":[{"href":"http:\/\/projects.upei.ca\/geolab\/wp-json\/wp\/v2\/pages\/2989"}],"collection":[{"href":"http:\/\/projects.upei.ca\/geolab\/wp-json\/wp\/v2\/pages"}],"about":[{"href":"http:\/\/projects.upei.ca\/geolab\/wp-json\/wp\/v2\/types\/page"}],"author":[{"embeddable":true,"href":"http:\/\/projects.upei.ca\/geolab\/wp-json\/wp\/v2\/users\/205"}],"replies":[{"embeddable":true,"href":"http:\/\/projects.upei.ca\/geolab\/wp-json\/wp\/v2\/comments?post=2989"}],"version-history":[{"count":5,"href":"http:\/\/projects.upei.ca\/geolab\/wp-json\/wp\/v2\/pages\/2989\/revisions"}],"predecessor-version":[{"id":3035,"href":"http:\/\/projects.upei.ca\/geolab\/wp-json\/wp\/v2\/pages\/2989\/revisions\/3035"}],"up":[{"embeddable":true,"href":"http:\/\/projects.upei.ca\/geolab\/wp-json\/wp\/v2\/pages\/450"}],"wp:featuredmedia":[{"embeddable":true,"href":"http:\/\/projects.upei.ca\/geolab\/wp-json\/wp\/v2\/media\/1480"}],"wp:attachment":[{"href":"http:\/\/projects.upei.ca\/geolab\/wp-json\/wp\/v2\/media?parent=2989"}],"wp:term":[{"taxonomy":"post_tag","embeddable":true,"href":"http:\/\/projects.upei.ca\/geolab\/wp-json\/wp\/v2\/tags?post=2989"}],"curies":[{"name":"wp","href":"https:\/\/api.w.org\/{rel}","templated":true}]}}