{"id":241,"date":"2022-11-24T11:36:25","date_gmt":"2022-11-24T15:36:25","guid":{"rendered":"https:\/\/projects.upei.ca\/articulations\/?page_id=241"},"modified":"2022-12-02T12:05:59","modified_gmt":"2022-12-02T16:05:59","slug":"publications-and-research","status":"publish","type":"page","link":"https:\/\/projects.upei.ca\/articulations\/publications-and-research\/","title":{"rendered":"Publications and Research"},"content":{"rendered":"\n<figure class=\"wp-block-image size-full\"><img loading=\"lazy\" decoding=\"async\" width=\"959\" height=\"427\" src=\"https:\/\/projects.upei.ca\/articulations\/files\/2022\/12\/2022-12-02-12_03_58-Citoyennetes-et-mobilisations-en-Inde-_-Revue-Anthropologie-et-Societes-\u2014-Mozill.png\" alt=\"\" class=\"wp-image-267\" srcset=\"https:\/\/projects.upei.ca\/articulations\/files\/2022\/12\/2022-12-02-12_03_58-Citoyennetes-et-mobilisations-en-Inde-_-Revue-Anthropologie-et-Societes-\u2014-Mozill.png 959w, https:\/\/projects.upei.ca\/articulations\/files\/2022\/12\/2022-12-02-12_03_58-Citoyennetes-et-mobilisations-en-Inde-_-Revue-Anthropologie-et-Societes-\u2014-Mozill-300x134.png 300w, https:\/\/projects.upei.ca\/articulations\/files\/2022\/12\/2022-12-02-12_03_58-Citoyennetes-et-mobilisations-en-Inde-_-Revue-Anthropologie-et-Societes-\u2014-Mozill-768x342.png 768w, https:\/\/projects.upei.ca\/articulations\/files\/2022\/12\/2022-12-02-12_03_58-Citoyennetes-et-mobilisations-en-Inde-_-Revue-Anthropologie-et-Societes-\u2014-Mozill-500x223.png 500w\" sizes=\"(max-width: 959px) 100vw, 959px\" \/><\/figure>\n\n\n\n<p><strong>Recent Publication &#8211; Philippe Messier <\/strong><\/p>\n\n\n\n<p>This article is part of a special issue at <em>Anthropologie et Soci\u00e9t\u00e9s<\/em> titled &#8220;Citoyennet\u00e9s et Mobilisations en Inde.&#8221; (<a rel=\"noreferrer noopener\" href=\"https:\/\/www.anthropologie-societes.ant.ulaval.ca\/numeros-publies\/citoyennetes-et-mobilisations-en-inde\" target=\"_blank\">https:\/\/www.anthropologie-societes.ant.ulaval.ca\/numeros-publies\/citoyennetes-et-mobilisations-en-inde<\/a>) The article examines the political engagement of computer engineers through the mediatization of popular rituals in the new Telangana State (India).\u00a0 \u00a0<\/p>\n\n\n\n<p>Reference:<\/p>\n\n\n\n<p>Messier, Philippe. (2022). Citoyennet\u00e9 programm\u00e9e au T\u00e9langana&nbsp;: Infrastructures des TIC et rituels d\u2019un nouvel \u00c9tat.&nbsp;<em>Anthropologie et Soci\u00e9t\u00e9s<\/em>,&nbsp;<em>46<\/em>(1), 67\u201389. <a href=\"https:\/\/doi.org\/10.7202\/1091312ar\" target=\"_blank\" rel=\"noreferrer noopener\">https:\/\/doi.org\/10.7202\/1091312ar<\/a><\/p>\n","protected":false},"excerpt":{"rendered":"<p>Recent Publication &#8211; Philippe Messier This article is part of a special issue at Anthropologie et Soci\u00e9t\u00e9s titled &#8220;Citoyennet\u00e9s et Mobilisations en Inde.&#8221; (https:\/\/www.anthropologie-societes.ant.ulaval.ca\/numeros-publies\/citoyennetes-et-mobilisations-en-inde) The article examines the political engagement of computer engineers through the mediatization of popular rituals in &hellip; <a href=\"https:\/\/projects.upei.ca\/articulations\/publications-and-research\/\">Continue reading <span class=\"meta-nav\">&rarr;<\/span><\/a><\/p>\n","protected":false},"author":265,"featured_media":0,"parent":0,"menu_order":0,"comment_status":"closed","ping_status":"closed","template":"","meta":{"jetpack_post_was_ever_published":false,"footnotes":""},"tags":[],"jetpack_sharing_enabled":true,"_links":{"self":[{"href":"https:\/\/projects.upei.ca\/articulations\/wp-json\/wp\/v2\/pages\/241"}],"collection":[{"href":"https:\/\/projects.upei.ca\/articulations\/wp-json\/wp\/v2\/pages"}],"about":[{"href":"https:\/\/projects.upei.ca\/articulations\/wp-json\/wp\/v2\/types\/page"}],"author":[{"embeddable":true,"href":"https:\/\/projects.upei.ca\/articulations\/wp-json\/wp\/v2\/users\/265"}],"replies":[{"embeddable":true,"href":"https:\/\/projects.upei.ca\/articulations\/wp-json\/wp\/v2\/comments?post=241"}],"version-history":[{"count":2,"href":"https:\/\/projects.upei.ca\/articulations\/wp-json\/wp\/v2\/pages\/241\/revisions"}],"predecessor-version":[{"id":268,"href":"https:\/\/projects.upei.ca\/articulations\/wp-json\/wp\/v2\/pages\/241\/revisions\/268"}],"wp:attachment":[{"href":"https:\/\/projects.upei.ca\/articulations\/wp-json\/wp\/v2\/media?parent=241"}],"wp:term":[{"taxonomy":"post_tag","embeddable":true,"href":"https:\/\/projects.upei.ca\/articulations\/wp-json\/wp\/v2\/tags?post=241"}],"curies":[{"name":"wp","href":"https:\/\/api.w.org\/{rel}","templated":true}]}}