{"id":44,"date":"2020-11-14T20:59:52","date_gmt":"2020-11-15T00:59:52","guid":{"rendered":"http:\/\/projects.upei.ca\/cef\/?page_id=44"},"modified":"2020-11-25T16:42:05","modified_gmt":"2020-11-25T20:42:05","slug":"french-placement-test-for-upei-students","status":"publish","type":"page","link":"https:\/\/projects.upei.ca\/cef\/french-placement-test-for-upei-students\/","title":{"rendered":"French Placement Test for UPEI Students"},"content":{"rendered":"\n<p><strong>Planning on taking a French Course?<\/strong><\/p>\n\n\n\n<p>The Department of Modern Languages has a variety of courses designed to suit the abilities of first-year students.<\/p>\n\n\n\n<p><em>All incoming students intending to take a French course must take the French Placement Test!&nbsp;<\/em><\/p>\n\n\n\n<p>The Test is available online (link below) but a hard copy of the test is also available at the Department of Modern Languages.<\/p>\n\n\n\n<p>By taking the French Placement Test, it allows us to assess your skill level and place you in the appropriate course. There is no pass or fail, and no need to prepare for it (or to be nervous!).<\/p>\n\n\n\n<p>Vous \u00eates \u00e9tudiante ou \u00e9tudiant \u00e0 UPEI et parlez fran\u00e7ais? Pourquoi ne pas vous inscrire \u00e0 l&rsquo;un des cours de fran\u00e7ais offerts par le D\u00e9partement de langues modernes? Pour vous inscrire, vous devez faire le Test de classement. Vous nous aiderez ainsi \u00e0 trouver le cours qui vous convient. <\/p>\n\n\n\n<p><a rel=\"noreferrer noopener\" href=\"https:\/\/www.upei.ca\/programs\/modern-languages\/french-placement-test\" target=\"_blank\">Click here to take the French Placement Test \/ Cliquez ici pour faire le Test de classement<\/a>.<\/p>\n\n\n\n<p>For more info \/ Pour plus d&rsquo;informations: <\/p>\n\n\n\n<div class=\"wp-block-group\"><div class=\"wp-block-group__inner-container is-layout-flow wp-block-group-is-layout-flow\">\n<ul><li>Carlo Lavoie, Chair \/ Directeur &#8211; Department of Modern Languages \/ D\u00e9partement de langues modernes.<\/li><li>SMDB 421<\/li><li>902-566-0431<\/li><li>clavoie@upei.ca<\/li><\/ul>\n<\/div><\/div>\n\n\n\n<p><\/p>\n","protected":false},"excerpt":{"rendered":"<p>Planning on taking a French Course? The Department of Modern Languages has a variety of courses designed to suit the abilities of first-year students. All incoming students intending to take a French course must take the French Placement Test!&nbsp; The &hellip; <a href=\"https:\/\/projects.upei.ca\/cef\/french-placement-test-for-upei-students\/\">Continue reading <span class=\"meta-nav\">&rarr;<\/span><\/a><\/p>\n","protected":false},"author":225,"featured_media":0,"parent":0,"menu_order":0,"comment_status":"closed","ping_status":"closed","template":"","meta":{"footnotes":""},"tags":[],"_links":{"self":[{"href":"https:\/\/projects.upei.ca\/cef\/wp-json\/wp\/v2\/pages\/44"}],"collection":[{"href":"https:\/\/projects.upei.ca\/cef\/wp-json\/wp\/v2\/pages"}],"about":[{"href":"https:\/\/projects.upei.ca\/cef\/wp-json\/wp\/v2\/types\/page"}],"author":[{"embeddable":true,"href":"https:\/\/projects.upei.ca\/cef\/wp-json\/wp\/v2\/users\/225"}],"replies":[{"embeddable":true,"href":"https:\/\/projects.upei.ca\/cef\/wp-json\/wp\/v2\/comments?post=44"}],"version-history":[{"count":4,"href":"https:\/\/projects.upei.ca\/cef\/wp-json\/wp\/v2\/pages\/44\/revisions"}],"predecessor-version":[{"id":115,"href":"https:\/\/projects.upei.ca\/cef\/wp-json\/wp\/v2\/pages\/44\/revisions\/115"}],"wp:attachment":[{"href":"https:\/\/projects.upei.ca\/cef\/wp-json\/wp\/v2\/media?parent=44"}],"wp:term":[{"taxonomy":"post_tag","embeddable":true,"href":"https:\/\/projects.upei.ca\/cef\/wp-json\/wp\/v2\/tags?post=44"}],"curies":[{"name":"wp","href":"https:\/\/api.w.org\/{rel}","templated":true}]}}