{"id":119,"date":"2021-03-28T10:55:44","date_gmt":"2021-03-28T13:55:44","guid":{"rendered":"http:\/\/projects.upei.ca\/intercultural\/?page_id=119"},"modified":"2021-06-14T19:22:38","modified_gmt":"2021-06-14T22:22:38","slug":"joao-gabriel-modesto-phd","status":"publish","type":"page","link":"https:\/\/projects.upei.ca\/intercultural\/joao-gabriel-modesto-phd\/","title":{"rendered":"Jo\u00e3o Gabriel Modesto, PhD"},"content":{"rendered":"\n<p>Jo\u00e3o Gabriel Modesto has a Ph.D. in the Social, Work, and Organizational Psychology Department at the University of Bras\u00edlia, Brazil. He is currently a professor at Goi\u00e1s State University (UEG) and at the University Center of Bras\u00edlia (UniCEUB), developing social psychology and political psychology research on topics such as corruption, political polarization, political radicalism, stereotypes, and prejudice. <a rel=\"noreferrer noopener\" href=\"https:\/\/www.researchgate.net\/profile\/Joao-Modesto\" target=\"_blank\">Research gate profile.<\/a><\/p>\n\n\n\n<p><img loading=\"lazy\" decoding=\"async\" width=\"432\" height=\"432\" class=\"wp-image-209\" style=\"width: 150px\" src=\"http:\/\/projects.upei.ca\/intercultural\/files\/2021\/06\/WhatsApp-Image-2021-06-11-at-10.14.54.jpeg\" alt=\"\" srcset=\"https:\/\/projects.upei.ca\/intercultural\/files\/2021\/06\/WhatsApp-Image-2021-06-11-at-10.14.54.jpeg 432w, https:\/\/projects.upei.ca\/intercultural\/files\/2021\/06\/WhatsApp-Image-2021-06-11-at-10.14.54-300x300.jpeg 300w, https:\/\/projects.upei.ca\/intercultural\/files\/2021\/06\/WhatsApp-Image-2021-06-11-at-10.14.54-150x150.jpeg 150w\" sizes=\"(max-width: 432px) 100vw, 432px\" \/><\/p>\n","protected":false},"excerpt":{"rendered":"<p>Jo\u00e3o Gabriel Modesto has a Ph.D. in the Social, Work, and Organizational Psychology Department at the University of Bras\u00edlia, Brazil. He is currently a professor at Goi\u00e1s State University (UEG) and at the University Center of Bras\u00edlia (UniCEUB), developing social psychology and political psychology research on topics such as corruption, [&hellip;]<\/p>\n","protected":false},"author":254,"featured_media":0,"parent":0,"menu_order":0,"comment_status":"closed","ping_status":"closed","template":"","meta":{"footnotes":""},"tags":[],"_links":{"self":[{"href":"https:\/\/projects.upei.ca\/intercultural\/wp-json\/wp\/v2\/pages\/119"}],"collection":[{"href":"https:\/\/projects.upei.ca\/intercultural\/wp-json\/wp\/v2\/pages"}],"about":[{"href":"https:\/\/projects.upei.ca\/intercultural\/wp-json\/wp\/v2\/types\/page"}],"author":[{"embeddable":true,"href":"https:\/\/projects.upei.ca\/intercultural\/wp-json\/wp\/v2\/users\/254"}],"replies":[{"embeddable":true,"href":"https:\/\/projects.upei.ca\/intercultural\/wp-json\/wp\/v2\/comments?post=119"}],"version-history":[{"count":2,"href":"https:\/\/projects.upei.ca\/intercultural\/wp-json\/wp\/v2\/pages\/119\/revisions"}],"predecessor-version":[{"id":211,"href":"https:\/\/projects.upei.ca\/intercultural\/wp-json\/wp\/v2\/pages\/119\/revisions\/211"}],"wp:attachment":[{"href":"https:\/\/projects.upei.ca\/intercultural\/wp-json\/wp\/v2\/media?parent=119"}],"wp:term":[{"taxonomy":"post_tag","embeddable":true,"href":"https:\/\/projects.upei.ca\/intercultural\/wp-json\/wp\/v2\/tags?post=119"}],"curies":[{"name":"wp","href":"https:\/\/api.w.org\/{rel}","templated":true}]}}