{"id":180,"date":"2018-01-10T10:38:17","date_gmt":"2018-01-10T14:38:17","guid":{"rendered":"http:\/\/projects.upei.ca\/spor-pei\/?page_id=180"},"modified":"2021-03-25T13:20:30","modified_gmt":"2021-03-25T16:20:30","slug":"spor-priorities","status":"publish","type":"page","link":"https:\/\/projects.upei.ca\/spor-pei\/spor-priorities\/","title":{"rendered":"SPOR Priorities"},"content":{"rendered":"<p><strong>PEI SPOR Priorities:<\/strong><\/p>\n<p>1. To develop and evaluate e-health solutions with collaborative care models for patients with complex needs \u2013 especially strategies for self-management, establishing adherence and compliance,<br \/>\nand improving system efficacy.<\/p>\n<p>2. To evaluate the effectiveness of programs and systems of healthcare delivery within PEI on patient health, economic impact, and appropriateness of service.<\/p>\n<p>3. To develop and evaluate upstream prevention strategies for early intervention for children to promote optimal health over the lifespan.<\/p>\n<p>4. To assess and develop innovative service delivery models for frequent users of health care services, multi-morbidity, pre-frail and frail populations.<\/p>\n<p>5. To examine health and social needs of vulnerable populations and evaluate the effectiveness of program and policy interventions (e.g. low income, low education, Aboriginal).<\/p>\n<hr>\n<p><strong>\u00cele-du-Prince-\u00c9douard<\/strong><\/p>\n<p>1. \u00c9laborer et \u00e9valuer des solutions de cybersant\u00e9 avec des mod\u00e8les de soins collaboratifs pour les patients ayant des besoins complexes \u2013 particuli\u00e8rement des strat\u00e9gies concernant l\u2019autoprise en charge, l\u2019assurance de la conformit\u00e9 et l\u2019am\u00e9lioration de l\u2019efficacit\u00e9 des syst\u00e8mes<\/p>\n<p>2. \u00c9valuer l\u2019efficacit\u00e9 des programmes et des syst\u00e8mes de soins de sant\u00e9 en place \u00e0 l\u2019\u00cele-du-Prince-\u00c9douard en ce qui concerne la sant\u00e9 des patients, les r\u00e9percussions \u00e9conomiques et la pertinence des services<\/p>\n<p>3. \u00c9laborer et \u00e9valuer des strat\u00e9gies de pr\u00e9vention en amont pour une intervention pr\u00e9coce aupr\u00e8s des jeunes enfants afin de favoriser leur sant\u00e9 optimale tout au long de leur vie<\/p>\n<p>4. Concevoir et \u00e9valuer des mod\u00e8les novateurs de prestation de services pour les utilisateurs fr\u00e9quents de services de soins de sant\u00e9, la multimorbidit\u00e9 ainsi que les populations fragilis\u00e9es et pr\u00e9caris\u00e9es<\/p>\n<p>5. Examiner les besoins sanitaires et sociaux des populations vuln\u00e9rables et \u00e9valuer l\u2019efficacit\u00e9 des programmes et des interventions en mati\u00e8re de politiques (p. ex. personnes \u00e0 faible revenu ou peu scolaris\u00e9es, Autochtones)<\/p>\n","protected":false},"excerpt":{"rendered":"<p>PEI SPOR Priorities: 1. To develop and evaluate e-health solutions with collaborative care models for patients with complex needs \u2013 especially strategies for self-management, establishing adherence and compliance, and improving system efficacy. 2. To evaluate the effectiveness of programs and &hellip; <a href=\"https:\/\/projects.upei.ca\/spor-pei\/spor-priorities\/\">Continue reading <span class=\"meta-nav\">&rarr;<\/span><\/a><\/p>\n","protected":false},"author":10,"featured_media":0,"parent":0,"menu_order":0,"comment_status":"closed","ping_status":"closed","template":"sidebar-page.php","meta":{"footnotes":""},"tags":[],"jetpack_sharing_enabled":true,"_links":{"self":[{"href":"https:\/\/projects.upei.ca\/spor-pei\/wp-json\/wp\/v2\/pages\/180"}],"collection":[{"href":"https:\/\/projects.upei.ca\/spor-pei\/wp-json\/wp\/v2\/pages"}],"about":[{"href":"https:\/\/projects.upei.ca\/spor-pei\/wp-json\/wp\/v2\/types\/page"}],"author":[{"embeddable":true,"href":"https:\/\/projects.upei.ca\/spor-pei\/wp-json\/wp\/v2\/users\/10"}],"replies":[{"embeddable":true,"href":"https:\/\/projects.upei.ca\/spor-pei\/wp-json\/wp\/v2\/comments?post=180"}],"version-history":[{"count":6,"href":"https:\/\/projects.upei.ca\/spor-pei\/wp-json\/wp\/v2\/pages\/180\/revisions"}],"predecessor-version":[{"id":668,"href":"https:\/\/projects.upei.ca\/spor-pei\/wp-json\/wp\/v2\/pages\/180\/revisions\/668"}],"wp:attachment":[{"href":"https:\/\/projects.upei.ca\/spor-pei\/wp-json\/wp\/v2\/media?parent=180"}],"wp:term":[{"taxonomy":"post_tag","embeddable":true,"href":"https:\/\/projects.upei.ca\/spor-pei\/wp-json\/wp\/v2\/tags?post=180"}],"curies":[{"name":"wp","href":"https:\/\/api.w.org\/{rel}","templated":true}]}}