{"id":1119,"date":"2016-10-28T14:54:42","date_gmt":"2016-10-28T14:54:42","guid":{"rendered":"http:\/\/projects.upei.ca\/iis\/?page_id=1119"},"modified":"2016-10-28T14:54:42","modified_gmt":"2016-10-28T14:54:42","slug":"les-faits-militaires-relies-aux-iles-du-canada","status":"publish","type":"page","link":"https:\/\/projects.upei.ca\/testforneal\/research\/les-iles-du-canada\/les-faits-militaires-relies-aux-iles-du-canada\/","title":{"rendered":"Les faits militaires reli\u00e9s aux \u00eeles du Canada"},"content":{"rendered":"\n<div style=\"height:20px\" aria-hidden=\"true\" class=\"wp-block-spacer\"><\/div>\n\n\n\n<h6 class=\"has-medium-font-size wp-block-heading\">3 \u2013&nbsp;Les faits militaires reli\u00e9s aux \u00eeles du Canada<\/h6>\n\n\n\n<div style=\"height:20px\" aria-hidden=\"true\" class=\"wp-block-spacer\"><\/div>\n\n\n<h1 class=\"title\">&nbsp;<\/h1>\n<h1 class=\"title\"><em><strong>Le role g\u00e9ostrat<\/strong><strong>\u00e9<\/strong><strong>gique des <\/strong><strong>\u00ee<\/strong><strong>les<\/strong><\/em><\/h1>\n<div class=\"node\">\n<div class=\"content\">&nbsp;<\/div>\n<div class=\"content\">Depuis le 17e si\u00e8cle, les \u00eeles du Canada ont \u00e9t\u00e9 associ\u00e9es \u00e0 l&#8217;activit\u00e9 militaire fran\u00e7aise, anglaise et canadienne. Voici un classement th\u00e9matique de ces \u00eeles selon les diff\u00e9rents r\u00f4les qu&#8217;elles ont tenu et les multiples usages qui en ont \u00e9t\u00e9 fait au cours de l&#8217;histoire. Les exemples couvrent l&#8217;axe Saint-Laurent, des Grands Lacs au golfe du Saint-Laurent.<\/div>\n<div class=\"content\">&nbsp;<\/div>\n<div class=\"content\"><b>Les \u00eeles-forteresse, avec ouvrages d\u00e9fensifs:<\/b> -Louisbourg, Isle Royale (Cap-Breton), golfe du Saint-Laurent,1758 -Fort L\u00e9vis, Chimney Island (Ontario), fleuve Saint-Laurent, 1760 -Fort William Augustus, Chimney Island (Ontario), fleuve St-Laurent,1760 -Fort Haldimand, Carleton Island (New York), archipel des Mille-Iles, fleuve St-Laurent, R\u00e9volution am\u00e9ricaine -Fortifications, Ile de Montr\u00e9al, fleuve Saint-Laurent,1685 -Fort de l&#8217;\u00eele Sainte-H\u00e9l\u00e8ne, archipel de Montr\u00e9al, fleuve Saint-Laurent, 1820-1830, 1849, raids des Fenians -Blockhaus, Chimney Island, (Ontario), fleuve Saint-Laurent, Guerre 1812-1814 -Tour Martello, Cedar Island, (Ontario), archipel des Mille-Iles, fleuve Saint-Laurent, Affaire de l&#8217;Or\u00e9gon -Ile de Salaberry, fleuve Saint-Laurent, Guerre 1812-1814 -Fort de l&#8217;\u00eele aux Noix, rivi\u00e8re Richelieu, 1759<\/div>\n<div class=\"content\">&nbsp;<\/div>\n<div class=\"content\"><b>Les \u00eeles-prison:<\/b> -Ile des Prisonniers (ou Arthur) fleuve Saint-Laurent, R\u00e9volution am\u00e9ricaine -Ile Sainte-H\u00e9l\u00e8ne, archipel de Montr\u00e9al, fleuve Saint-Laurent, apr\u00e8s la R\u00e9bellion 1837-38 et Deuxi\u00e8me guerre mondiale -Ile de Montr\u00e9al, fleuve Saint-Laurent (Prison du Pied-du-Courant),Guerre des Patriotes<\/div>\n<div class=\"content\">&nbsp;<\/div>\n<div class=\"content\"><b>Postes d&#8217;espionnage:<\/b> -Ile d&#8217;Anticosti, golfe du Saint-Laurent, Premi\u00e8re et Deuxi\u00e8me Guerre mondiale -Ile d&#8217;Orl\u00e9ans, fleuve Saint-Laurent, Premi\u00e8re Guerre mondiale<\/div>\n<div class=\"content\">&nbsp;<\/div>\n<div class=\"content\"><b>Postes de gu\u00eat:<\/b> -Isle aux Chevreuils (Carleton Island), archipel des Mille-Iles, fleuve Saint-Laurent,Guerre de Sept Ans -Ile des Francs Tireurs, fleuve Saint-Laurent, Guerre 1812-1814 -Ile du Grenadier, fleuve Saint-Laurent, Guerre 1812-1814<\/div>\n<div class=\"content\">&nbsp;<\/div>\n<div class=\"content\"><b>Points de rassemblement:<\/b> -Ile des Grenadiers, fleuve Saint-Laurent, Guerre 1812-1814 -Iles du Bic, fleuve Saint-Laurent, Guerre de Sept Ans -Ile Hickory, archipel des Mille-Iles, fleuve Saint-Laurent, Guerre des Patriots -Iles de Montr\u00e9al et J\u00e9sus, archipel de Montr\u00e9al, fleuve Saint-Laurent,Guerre des Patriotes -Ile Sainte-H\u00e9l\u00e8ne, archipel de Montr\u00e9al, R\u00e9volution am\u00e9ricaine<\/div>\n<div class=\"content\">&nbsp;<\/div>\n<div class=\"content\"><b>Refuge pour d\u00e9serteurs:<\/b> -Archipel des Mille-Iles, fleuve Saint-Laurent, Guerre 1812-14 -Ile au Diable, archipel de Montr\u00e9al, Premi\u00e8re Guerre mondiale<\/div>\n<div class=\"content\">&nbsp;<\/div>\n<div class=\"content\"><b>Campements militaires:<\/b> -Ile Perrot, archipel de Montr\u00e9al, fleuve Saint-Laurent, Guerres franco-iroquoises, Guerre de Sept Ans -Ile des Soeurs, archipel de Montr\u00e9al, R\u00e9volution am\u00e9ricaine -Ile d&#8217;Orl\u00e9ans, fleuve Saint-Laurent, Guerre de Sept Ans<\/div>\n<div class=\"content\">&nbsp;<\/div>\n<div class=\"content\"><b>Terrain neutre pour pourparlers de paix:<\/b> -Isle aux Chevreuils (Carleton Island), archipel des Mille-Iles, fleuve Saint-Laurent, Guerres franco-iroquoises -Ile de Montr\u00e9al, fleuve Saint-Laurent, 1701, Guerres franco-iroquoises<\/div>\n<div class=\"content\">&nbsp;<\/div>\n<div class=\"content\"><b>Station de recherche ultrasecr\u00e8te<\/b> -La Grosse Ile, fleuve Saint-Laurent, Deuxi\u00e8me Guerre mondiale<\/div>\n<div class=\"content\">&nbsp;<\/div>\n<\/div>\n<div class=\"content\">&nbsp;<\/div>\n<div>&nbsp;<\/div>\n<div class=\"node\">\n<div class=\"content\"><em><strong>Les d\u00e9signations historiques nationales associ\u00e9es \u00e0&nbsp;l&#8217;histoire militaire et \u00e0&nbsp;la d\u00e9fense<\/strong><\/em><\/div>\n<\/div>\n<div class=\"content\">&nbsp;<\/div>\n<div class=\"node\">\n<div class=\"content\"><b>Bataille de l&#8217;\u00eele-aux-Noix<\/b>&nbsp;&nbsp;&nbsp;Ile-aux-Noix, Qu\u00e9bec<br \/>\u00c9v\u00e9nement historique rappelant la guerre de 1812, la capture des sloops am\u00e9ricains<br \/>Eagle et Growler, 1813<br \/>D\u00e9sign\u00e9 en 1923 et plaqu\u00e9 en 1927<\/div>\n<div class=\"content\">&nbsp;<\/div>\n<div class=\"content\"><b>Bataille de Signal Hill<\/b>&nbsp;&nbsp;&nbsp;Terre-Neuve<br \/>\u00c9v\u00e9nement historique comm\u00e9morant la derni\u00e8re bataille de la guerre de Sept Ans en<br \/>Am\u00e9rique du Nord,1762<br \/>D\u00e9sign\u00e9 en 1959 et plaqu\u00e9 en 1961<\/div>\n<div class=\"content\">&nbsp;<\/div>\n<div class=\"content\"><b>Beaumont-Hamel<\/b>&nbsp;&nbsp;&nbsp;Beaumont-Hamel<br \/>Site repr\u00e9sentatif des r\u00e9alisations, de la contribution et du sacrifice de Terre-Neuve durant la Premi\u00e8re Guerre mondiale<br \/>Le site a \u00e9t\u00e9 d\u00e9sign\u00e9 en 1996 et plaqu\u00e9 en 1997<\/div>\n<div class=\"content\">&nbsp;<\/div>\n<div class=\"content\"><b>Blockhaus de l&#8217;\u00eele-Bois-Blanc<\/b>&nbsp;&nbsp;&nbsp;Bois Blanc Island, Ontario<br \/>Blockhaus en bois construit en 1839, apr\u00e8s la R\u00e9bellion de 1837<br \/>Le site a \u00e9t\u00e9 d\u00e9sign\u00e9 en 1961<\/div>\n<div class=\"content\">&nbsp;<\/div>\n<div class=\"content\"><b>Capitulation de Montr\u00e9al<\/b>&nbsp;&nbsp;&nbsp;Montr\u00e9al<br \/>Cet \u00e9v\u00e9nement rappelle la reddition de Montr\u00e9al en 1760<br \/>La d\u00e9signation a \u00e9t\u00e9 faite en 1952<\/div>\n<div class=\"content\">&nbsp;<\/div>\n<div class=\"content\"><b>Castle Hill<\/b>&nbsp;&nbsp;&nbsp;Placentia, Terre-Neuve-et-Labrador<br \/>Fortifications fran\u00e7aises et britanniques datant des XVIIe et XVIIIe si\u00e8cles<\/div>\n<div class=\"content\">&nbsp;<\/div>\n<div class=\"content\"><b>Fort Amherst<\/b>&nbsp;&nbsp;&nbsp;St.John&#8217;s, Terre-Neuve-et-Labrador<br \/>Emplacement des fortifications de 1777 dans le port de St. John&#8217;s<br \/>Le site a \u00e9t\u00e9 d\u00e9sign\u00e9 en 1951 et plaqu\u00e9 en 1970<\/div>\n<div class=\"content\">&nbsp;<\/div>\n<div class=\"content\"><b>Fort-de-l&#8217;\u00eele-Grassy<\/b>&nbsp;&nbsp;&nbsp;Canso, Nouvelle-\u00c9cosse<br \/>Ruines de fortifications datant du XVIIIe si\u00e8cle<br \/>Le site a \u00e9t\u00e9 d\u00e9sign\u00e9 en 1962<\/div>\n<div class=\"content\">&nbsp;<\/div>\n<div class=\"content\"><b>Fort-Lennox<\/b>&nbsp;&nbsp;&nbsp;Saint-Paul-de-l&#8217;\u00eele-aux-Noix, Qu\u00e9bec<br \/>Exemple remarquable de fortifications datant du d\u00e9but du XIXe si\u00e8cle<br \/>Le site a \u00e9t\u00e9 d\u00e9sign\u00e9 en 1920 et plaqu\u00e9 en 1926<\/div>\n<div class=\"content\">&nbsp;<\/div>\n<div class=\"content\"><b>Fort-McNab<\/b>&nbsp;&nbsp;&nbsp;Ile McNab, Halifax, Nouvelle-\u00c9cosse<br \/>Fort construit en 1889 pour d\u00e9fendre le port de Halifax<br \/>Le site a \u00e9t\u00e9 d\u00e9sign\u00e9 en 1965<\/div>\n<div class=\"content\">&nbsp;<\/div>\n<div class=\"content\"><b>Fort Rodd Hill<\/b>&nbsp;&nbsp;&nbsp;Colwood, I. de Vancouver, Colombie-Britannique<br \/>Fort \u00e9rig\u00e9 \u00e0 la fin du XIXe si\u00e8cle pour assurer la d\u00e9fense de Victoria et d&#8217;Esquimalt<br \/>Le site a \u00e9t\u00e9 d\u00e9sign\u00e9 en 1958 et plaqu\u00e9 en 1962<\/div>\n<div class=\"content\">&nbsp;<\/div>\n<div class=\"content\"><b>Fort-St.Joseph<\/b>&nbsp;&nbsp;&nbsp;St. Joseph Island, Ontario<br \/>Avant-poste militaire britannique \u00e0 la fronti\u00e8re occidentale; guerre de 1812<br \/>Le site a \u00e9t\u00e9 d\u00e9sign\u00e9 en 1923 et plaqu\u00e9 en 1928<\/div>\n<div class=\"content\">&nbsp;<\/div>\n<div class=\"content\"><b>Fort Townshend<\/b>&nbsp;&nbsp;&nbsp;St.John&#8217;s, Terre-Neuve-et-Labrador<br \/>Quartier g\u00e9n\u00e9ral de la garnison de Terre-Neuve, 1779-1871<br \/>Le site a \u00e9t\u00e9 d\u00e9sign\u00e9 en 1951 et plaqu\u00e9 en 1953<\/div>\n<div class=\"content\">&nbsp;<\/div>\n<div class=\"content\"><b>Fort William<\/b>&nbsp;&nbsp;&nbsp;St.John&#8217;s, Terre-Neuve-et-Labrador<br \/>Quartier g\u00e9n\u00e9ral de la garnison de Terre-Neuve, 1618-1779<br \/>Le site a \u00e9t\u00e9 d\u00e9sign\u00e9 en 1923 et plaqu\u00e9 en 1926<\/div>\n<div class=\"content\">&nbsp;<\/div>\n<div class=\"content\"><b>Ile-Bridge\/Ile-Chimney<\/b>&nbsp;&nbsp;&nbsp;Chimney Island, Ontario<br \/>Base navale de la guerre de 1812<br \/>Le site a \u00e9t\u00e9 d\u00e9sign\u00e9 en 1936 et plaqu\u00e9 en 1937<\/div>\n<div class=\"content\">&nbsp;<\/div>\n<div class=\"content\"><b>Ile-de-Carbonear<\/b>&nbsp;&nbsp;&nbsp;Carbonear, Terre-Neuve-et-Labrador<br \/>\u00c9v\u00e9nements rappelant la d\u00e9fense des \u00e9tablissements anglais contre les attaques fran\u00e7aises en 1697 et 1705<br \/>Le site a \u00e9t\u00e9 d\u00e9sign\u00e9 en 1954 et plaqu\u00e9 en 1981<\/div>\n<div class=\"content\">&nbsp;<\/div>\n<div class=\"content\"><b>Ile-Georges<\/b>&nbsp;&nbsp;&nbsp;Halifax, Nouvelle-\u00c9cosse<br \/>Ouvrages de d\u00e9fense du port de Halifax comprenant le fort Charlotte entourant une tour Martello<br \/>Le site a \u00e9t\u00e9 d\u00e9sign\u00e9 en 1965<\/div>\n<div class=\"content\">&nbsp;<\/div>\n<div class=\"content\"><b>Ile-Herschel<\/b>&nbsp;&nbsp;&nbsp;Ile-Herschel, Territoire du Yukon<br \/>\u00c9tablissement d&#8217;un d\u00e9tachement de la Police Mont\u00e9e en 1903 permettant l&#8217;affirmation de la souverainet\u00e9 canadienne dans l&#8217;Arctique de l&#8217;Ouest<br \/>D\u00e9signation en 1972 et plaque en 1975<\/div>\n<div class=\"content\">&nbsp;<\/div>\n<div class=\"content\"><b>Ile-Navy<\/b>&nbsp;&nbsp;&nbsp;Niagara Falls, Ontario Vestiges arch\u00e9ologiques associ\u00e9s \u00e0 la construction de navires<br \/>D\u00e9signation en 1921 et plaque en 1928<\/div>\n<div class=\"content\">&nbsp;<\/div>\n<div class=\"content\"><b>Pr\u00e9sence militaire am\u00e9ricaine \u00e0 Terre-Neuve<\/b>&nbsp;&nbsp;&nbsp;Argentia<br \/>Rappelle les bases am\u00e9ricaines \u00e0 Terre-Neuve au cours de la Seconde Guerre mondiale<br \/>D\u00e9signation en 1988 et plaque en 1998<\/div>\n<div class=\"content\">&nbsp;<\/div>\n<div class=\"content\"><b>Pr\u00e9sence militaire canadienne \u00e0 Terre-Neuve<\/b>&nbsp;&nbsp;&nbsp;Argentia<br \/>Rappelle les bases am\u00e9ricaines \u00e0 Terre-Neuve au cours de la Seconde Guerre mondiale<br \/>D\u00e9signation en 2000<\/div>\n<div class=\"content\">&nbsp;<\/div>\n<div class=\"content\"><b>Souverainet\u00e9 canadienne dans l&#8217;archipel de l&#8217;Arctique<\/b>&nbsp;&nbsp;&nbsp;Melville Island, Territoires du Nord-Ouest<br \/>Ev\u00e9nements li\u00e9s \u00e0 l&#8217;exercice de la souverainet\u00e9 canadienne<br \/>D\u00e9signation en 1981<\/div>\n<div class=\"content\">&nbsp;<\/div>\n<div class=\"content\"><b>Tour-Cathcart<\/b>&nbsp;&nbsp;&nbsp;Parc national des Iles du Saint-Laurent, Ontario<br \/>Fortifications en ma\u00e7onnerie de l&#8217;Empire britannique datant du milieu du XIXe si\u00e8cle<br \/>D\u00e9signation en 1989<\/div>\n<\/div>\n\n\n<hr class=\"wp-block-separator\" \/>\n\n\n\n<p class=\"has-text-align-center\"><a href=\"http:\/\/islandstudies.com\/research\/les-iles-du-canada\/\">RETOUR AU SOMMAIRE<\/a><\/p>\n\n\n\n<div style=\"height:100px\" aria-hidden=\"true\" class=\"wp-block-spacer\"><\/div>\n\n\n\n<hr class=\"wp-block-separator has-css-opacity is-style-wide\" \/>\n\n\n\n<div class=\"wp-block-columns is-layout-flex wp-container-core-columns-layout-1 wp-block-columns-is-layout-flex\">\n<div class=\"wp-block-column is-layout-flow wp-block-column-is-layout-flow\" style=\"flex-basis:66.66%\"><form role=\"search\" method=\"get\" action=\"https:\/\/projects.upei.ca\/testforneal\/\" class=\"wp-block-search__button-inside wp-block-search__icon-button alignright wp-block-search\"    ><label class=\"wp-block-search__label screen-reader-text\" for=\"wp-block-search__input-1\" >Search<\/label><div class=\"wp-block-search__inside-wrapper \"  style=\"width: 536px\"><input class=\"wp-block-search__input\" id=\"wp-block-search__input-1\" placeholder=\"\" value=\"\" type=\"search\" name=\"s\" required \/><button aria-label=\"&#x1f50d;\" class=\"wp-block-search__button has-icon wp-element-button\" type=\"submit\" ><svg class=\"search-icon\" viewBox=\"0 0 24 24\" width=\"24\" height=\"24\">\n\t\t\t\t\t<path d=\"M13 5c-3.3 0-6 2.7-6 6 0 1.4.5 2.7 1.3 3.7l-3.8 3.8 1.1 1.1 3.8-3.8c1 .8 2.3 1.3 3.7 1.3 3.3 0 6-2.7 6-6S16.3 5 13 5zm0 10.5c-2.5 0-4.5-2-4.5-4.5s2-4.5 4.5-4.5 4.5 2 4.5 4.5-2 4.5-4.5 4.5z\"><\/path>\n\t\t\t\t<\/svg><\/button><\/div><\/form><\/div>\n\n\n\n<div class=\"wp-block-column is-vertically-aligned-center is-layout-flow wp-block-column-is-layout-flow\" style=\"flex-basis:36.7%\"><\/div>\n<\/div>\n\n\n\n<div class=\"wp-block-group is-layout-constrained wp-block-group-is-layout-constrained\"><div class=\"wp-block-group__inner-container\">\n<ul class=\"wp-block-social-links aligncenter is-style-logos-only is-layout-flex wp-block-social-links-is-layout-flex\"><li class=\"wp-social-link wp-social-link-twitter  wp-block-social-link\"><a href=\"https:\/\/twitter.com\/IISUPEI\" class=\"wp-block-social-link-anchor\"><svg width=\"24\" height=\"24\" viewBox=\"0 0 24 24\" version=\"1.1\" xmlns=\"http:\/\/www.w3.org\/2000\/svg\" aria-hidden=\"true\" focusable=\"false\"><path d=\"M22.23,5.924c-0.736,0.326-1.527,0.547-2.357,0.646c0.847-0.508,1.498-1.312,1.804-2.27 c-0.793,0.47-1.671,0.812-2.606,0.996C18.324,4.498,17.257,4,16.077,4c-2.266,0-4.103,1.837-4.103,4.103 c0,0.322,0.036,0.635,0.106,0.935C8.67,8.867,5.647,7.234,3.623,4.751C3.27,5.357,3.067,6.062,3.067,6.814 c0,1.424,0.724,2.679,1.825,3.415c-0.673-0.021-1.305-0.206-1.859-0.513c0,0.017,0,0.034,0,0.052c0,1.988,1.414,3.647,3.292,4.023 c-0.344,0.094-0.707,0.144-1.081,0.144c-0.264,0-0.521-0.026-0.772-0.074c0.522,1.63,2.038,2.816,3.833,2.85 c-1.404,1.1-3.174,1.756-5.096,1.756c-0.331,0-0.658-0.019-0.979-0.057c1.816,1.164,3.973,1.843,6.29,1.843 c7.547,0,11.675-6.252,11.675-11.675c0-0.178-0.004-0.355-0.012-0.531C20.985,7.47,21.68,6.747,22.23,5.924z\"><\/path><\/svg><span class=\"wp-block-social-link-label screen-reader-text\">Twitter<\/span><\/a><\/li>\n\n<li class=\"wp-social-link wp-social-link-facebook  wp-block-social-link\"><a href=\"https:\/\/facebook.com\/InstituteofIslandStudies\" class=\"wp-block-social-link-anchor\"><svg width=\"24\" height=\"24\" viewBox=\"0 0 24 24\" version=\"1.1\" xmlns=\"http:\/\/www.w3.org\/2000\/svg\" aria-hidden=\"true\" focusable=\"false\"><path d=\"M12 2C6.5 2 2 6.5 2 12c0 5 3.7 9.1 8.4 9.9v-7H7.9V12h2.5V9.8c0-2.5 1.5-3.9 3.8-3.9 1.1 0 2.2.2 2.2.2v2.5h-1.3c-1.2 0-1.6.8-1.6 1.6V12h2.8l-.4 2.9h-2.3v7C18.3 21.1 22 17 22 12c0-5.5-4.5-10-10-10z\"><\/path><\/svg><span class=\"wp-block-social-link-label screen-reader-text\">Facebook<\/span><\/a><\/li>\n\n<li class=\"wp-social-link wp-social-link-instagram  wp-block-social-link\"><a href=\"https:\/\/instagram.com\/instituteofislandstudies\" class=\"wp-block-social-link-anchor\"><svg width=\"24\" height=\"24\" viewBox=\"0 0 24 24\" version=\"1.1\" xmlns=\"http:\/\/www.w3.org\/2000\/svg\" aria-hidden=\"true\" focusable=\"false\"><path d=\"M12,4.622c2.403,0,2.688,0.009,3.637,0.052c0.877,0.04,1.354,0.187,1.671,0.31c0.42,0.163,0.72,0.358,1.035,0.673 c0.315,0.315,0.51,0.615,0.673,1.035c0.123,0.317,0.27,0.794,0.31,1.671c0.043,0.949,0.052,1.234,0.052,3.637 s-0.009,2.688-0.052,3.637c-0.04,0.877-0.187,1.354-0.31,1.671c-0.163,0.42-0.358,0.72-0.673,1.035 c-0.315,0.315-0.615,0.51-1.035,0.673c-0.317,0.123-0.794,0.27-1.671,0.31c-0.949,0.043-1.233,0.052-3.637,0.052 s-2.688-0.009-3.637-0.052c-0.877-0.04-1.354-0.187-1.671-0.31c-0.42-0.163-0.72-0.358-1.035-0.673 c-0.315-0.315-0.51-0.615-0.673-1.035c-0.123-0.317-0.27-0.794-0.31-1.671C4.631,14.688,4.622,14.403,4.622,12 s0.009-2.688,0.052-3.637c0.04-0.877,0.187-1.354,0.31-1.671c0.163-0.42,0.358-0.72,0.673-1.035 c0.315-0.315,0.615-0.51,1.035-0.673c0.317-0.123,0.794-0.27,1.671-0.31C9.312,4.631,9.597,4.622,12,4.622 M12,3 C9.556,3,9.249,3.01,8.289,3.054C7.331,3.098,6.677,3.25,6.105,3.472C5.513,3.702,5.011,4.01,4.511,4.511 c-0.5,0.5-0.808,1.002-1.038,1.594C3.25,6.677,3.098,7.331,3.054,8.289C3.01,9.249,3,9.556,3,12c0,2.444,0.01,2.751,0.054,3.711 c0.044,0.958,0.196,1.612,0.418,2.185c0.23,0.592,0.538,1.094,1.038,1.594c0.5,0.5,1.002,0.808,1.594,1.038 c0.572,0.222,1.227,0.375,2.185,0.418C9.249,20.99,9.556,21,12,21s2.751-0.01,3.711-0.054c0.958-0.044,1.612-0.196,2.185-0.418 c0.592-0.23,1.094-0.538,1.594-1.038c0.5-0.5,0.808-1.002,1.038-1.594c0.222-0.572,0.375-1.227,0.418-2.185 C20.99,14.751,21,14.444,21,12s-0.01-2.751-0.054-3.711c-0.044-0.958-0.196-1.612-0.418-2.185c-0.23-0.592-0.538-1.094-1.038-1.594 c-0.5-0.5-1.002-0.808-1.594-1.038c-0.572-0.222-1.227-0.375-2.185-0.418C14.751,3.01,14.444,3,12,3L12,3z M12,7.378 c-2.552,0-4.622,2.069-4.622,4.622S9.448,16.622,12,16.622s4.622-2.069,4.622-4.622S14.552,7.378,12,7.378z M12,15 c-1.657,0-3-1.343-3-3s1.343-3,3-3s3,1.343,3,3S13.657,15,12,15z M16.804,6.116c-0.596,0-1.08,0.484-1.08,1.08 s0.484,1.08,1.08,1.08c0.596,0,1.08-0.484,1.08-1.08S17.401,6.116,16.804,6.116z\"><\/path><\/svg><span class=\"wp-block-social-link-label screen-reader-text\">Instagram<\/span><\/a><\/li>\n\n\n\n<li class=\"wp-social-link wp-social-link-youtube  wp-block-social-link\"><a href=\"http:\/\/bit.ly\/IIS_YouTube\" class=\"wp-block-social-link-anchor\"><svg width=\"24\" height=\"24\" viewBox=\"0 0 24 24\" version=\"1.1\" xmlns=\"http:\/\/www.w3.org\/2000\/svg\" aria-hidden=\"true\" focusable=\"false\"><path d=\"M21.8,8.001c0,0-0.195-1.378-0.795-1.985c-0.76-0.797-1.613-0.801-2.004-0.847c-2.799-0.202-6.997-0.202-6.997-0.202 h-0.009c0,0-4.198,0-6.997,0.202C4.608,5.216,3.756,5.22,2.995,6.016C2.395,6.623,2.2,8.001,2.2,8.001S2,9.62,2,11.238v1.517 c0,1.618,0.2,3.237,0.2,3.237s0.195,1.378,0.795,1.985c0.761,0.797,1.76,0.771,2.205,0.855c1.6,0.153,6.8,0.201,6.8,0.201 s4.203-0.006,7.001-0.209c0.391-0.047,1.243-0.051,2.004-0.847c0.6-0.607,0.795-1.985,0.795-1.985s0.2-1.618,0.2-3.237v-1.517 C22,9.62,21.8,8.001,21.8,8.001z M9.935,14.594l-0.001-5.62l5.404,2.82L9.935,14.594z\"><\/path><\/svg><span class=\"wp-block-social-link-label screen-reader-text\">YouTube<\/span><\/a><\/li><\/ul>\n<\/div><\/div>\n\n\n\n<hr class=\"wp-block-separator has-css-opacity is-style-wide\" \/>\n\n\n\n<h6 class=\"wp-block-heading has-text-align-center\">\u00a9 2021 Institute of Island Studies, University of Prince Edward Island. All rights reserved.<\/h6>\n","protected":false},"excerpt":{"rendered":"<p>3 \u2013&nbsp;Les faits militaires reli\u00e9s aux \u00eeles du Canada &nbsp; Le role g\u00e9ostrat\u00e9gique des \u00eeles &nbsp; Depuis le 17e si\u00e8cle, les \u00eeles du Canada ont \u00e9t\u00e9 associ\u00e9es \u00e0 l&#8217;activit\u00e9 militaire fran\u00e7aise, anglaise et canadienne. Voici un classement th\u00e9matique de ces &hellip; <a href=\"https:\/\/projects.upei.ca\/testforneal\/research\/les-iles-du-canada\/les-faits-militaires-relies-aux-iles-du-canada\/\">Continue reading <span class=\"meta-nav\">&rarr;<\/span><\/a><\/p>\n","protected":false},"author":1,"featured_media":0,"parent":1107,"menu_order":0,"comment_status":"closed","ping_status":"closed","template":"","meta":{"footnotes":""},"tags":[],"_links":{"self":[{"href":"https:\/\/projects.upei.ca\/testforneal\/wp-json\/wp\/v2\/pages\/1119"}],"collection":[{"href":"https:\/\/projects.upei.ca\/testforneal\/wp-json\/wp\/v2\/pages"}],"about":[{"href":"https:\/\/projects.upei.ca\/testforneal\/wp-json\/wp\/v2\/types\/page"}],"author":[{"embeddable":true,"href":"https:\/\/projects.upei.ca\/testforneal\/wp-json\/wp\/v2\/users\/1"}],"replies":[{"embeddable":true,"href":"https:\/\/projects.upei.ca\/testforneal\/wp-json\/wp\/v2\/comments?post=1119"}],"version-history":[{"count":0,"href":"https:\/\/projects.upei.ca\/testforneal\/wp-json\/wp\/v2\/pages\/1119\/revisions"}],"up":[{"embeddable":true,"href":"https:\/\/projects.upei.ca\/testforneal\/wp-json\/wp\/v2\/pages\/1107"}],"wp:attachment":[{"href":"https:\/\/projects.upei.ca\/testforneal\/wp-json\/wp\/v2\/media?parent=1119"}],"wp:term":[{"taxonomy":"post_tag","embeddable":true,"href":"https:\/\/projects.upei.ca\/testforneal\/wp-json\/wp\/v2\/tags?post=1119"}],"curies":[{"name":"wp","href":"https:\/\/api.w.org\/{rel}","templated":true}]}}