{"id":4750,"date":"2021-04-04T14:23:51","date_gmt":"2021-04-04T17:23:51","guid":{"rendered":"http:\/\/islandstudies.com\/?page_id=4750"},"modified":"2021-04-04T14:23:51","modified_gmt":"2021-04-04T17:23:51","slug":"adam-grydehoj","status":"publish","type":"page","link":"https:\/\/projects.upei.ca\/testforneal\/research\/research-associates\/adam-grydehoj\/","title":{"rendered":"IIS Research Associates: Dr. Adam Grydeh\u00f8j"},"content":{"rendered":"\n<div style=\"height:42px\" aria-hidden=\"true\" class=\"wp-block-spacer\"><\/div>\n\n\n\n<h6 class=\"wp-block-heading\" style=\"font-size:24px\">Institute of Island Studies  |  <strong>Research Associates<\/strong><\/h6>\n\n\n\n<div style=\"height:20px\" aria-hidden=\"true\" class=\"wp-block-spacer\"><\/div>\n\n\n\n<div class=\"wp-block-image\"><figure class=\"alignleft size-medium is-resized\"><a href=\"https:\/\/scholar.google.dk\/citations?user=XSK6vEoAAAAJ&amp;hl=en\"><img loading=\"lazy\" decoding=\"async\" src=\"http:\/\/islandstudies.com\/files\/2019\/10\/Adam-Grydehoj-2018c-300x273.jpg\" alt=\"\" class=\"wp-image-2618\" width=\"253\" height=\"231\" srcset=\"https:\/\/projects.upei.ca\/testforneal\/files\/2019\/10\/Adam-Grydehoj-2018c-300x273.jpg 300w, https:\/\/projects.upei.ca\/testforneal\/files\/2019\/10\/Adam-Grydehoj-2018c-1024x931.jpg 1024w, https:\/\/projects.upei.ca\/testforneal\/files\/2019\/10\/Adam-Grydehoj-2018c-768x698.jpg 768w, https:\/\/projects.upei.ca\/testforneal\/files\/2019\/10\/Adam-Grydehoj-2018c-1536x1397.jpg 1536w, https:\/\/projects.upei.ca\/testforneal\/files\/2019\/10\/Adam-Grydehoj-2018c-2048x1862.jpg 2048w, https:\/\/projects.upei.ca\/testforneal\/files\/2019\/10\/Adam-Grydehoj-2018c-330x300.jpg 330w\" sizes=\"(max-width: 253px) 100vw, 253px\" \/><\/a><\/figure><\/div>\n\n\n\n<p class=\"has-medium-font-size\">Dr. Adam Grydeh\u00f8j \u845b\u9646\u6d77<\/p>\n\n\n\n<p>Chair Professor, Research Center for Indian Ocean Island Countries, South China University of Technology;<br \/>Co-Director, Island and Coastal Zone Institute, Zhejiang University;<br \/>Director, Island Dynamics.<br \/>Copenhagen, Denmark<\/p>\n\n\n\n<div style=\"height:20px\" aria-hidden=\"true\" class=\"wp-block-spacer\"><\/div>\n\n\n\n<p>Adam Grydeh\u00f8j&#8217;s cross-disciplinary research concerns the intersection of culture, economy, politics, and space in island and coastal regions. Adam holds a PhD in Ethnology from University of Aberdeen, and is Director of <a href=\"https:\/\/www.islanddynamics.org\/\">Island Dynamics<\/a>, Executive Editor of&nbsp;<em><a href=\"http:\/\/islandstudies.ca\">Island Studies Journal<\/a><\/em>&nbsp;(SSCI), Chair Professor at South China University of Technology\u2019s Research Center for Indian Ocean Island Countries, Co-Director of Zhejiang University&#8217;s Island and Coastal Zone Institute, and a member of the UPEI Island Studies Adjunct and Graduate Faculty. He has published over 60 journal articles, book chapters, and academic reports on a range of regions and topics, including island urbanisation and urban development, economies and livelihoods, indigeneity and decoloniality, land use, island studies theory, and international relations theory. For a full list of Adam&#8217;s publications, please visit his&nbsp;<a rel=\"noreferrer noopener\" href=\"https:\/\/scholar.google.dk\/citations?user=XSK6vEoAAAAJ&amp;hl=en\" target=\"_blank\">Google Scholar page<\/a>.<\/p>\n\n\n\n<div style=\"height:20px\" aria-hidden=\"true\" class=\"wp-block-spacer\"><\/div>\n\n\n\n<p class=\"has-normal-font-size\">RECENT PUBLICATIONS<br \/><br \/>2021<br \/><strong>Practicing decolonial political geography: Island perspectives on neocolonialism and the China threat discourse<\/strong><br \/>A Grydeh\u00f8j, ML Bevacqua, M Chibana, Y Nadarajah, A Simonsen, Ping Su,  R Wright, S Davis. <br \/><em>Political Geography<\/em>, 85, 102330. <a rel=\"noreferrer noopener\" href=\"https:\/\/doi.org\/10.1016\/j.polgeo.2020.102330\" target=\"_blank\">https:\/\/doi.org\/10.1016\/j.polgeo.2020.102330<\/a><\/p>\n\n\n\n<p><strong>Locating the interstitial island: Integration of Zhoushan Archipelago into the Yangtze River Delta urban agglomeration<\/strong><br \/>Huan Zhang, A. Grydeh\u00f8j. <em>Urban Studies<\/em>, Advance online publication. <a rel=\"noreferrer noopener\" href=\"https:\/\/doi.org\/10.1177%2F0042098020937987\" target=\"_blank\">https:\/\/doi.org\/10.1177%2F0042098020937987<\/a><\/p>\n\n\n\n<p>2020<br \/><strong>Reflections on conspicuous sustainability: Creating Small Island Dependent States (SIDS) through Ostentatious Development Assistance (ODA)?<\/strong><br \/>A Grydeh\u00f8j, I Kelman. <em>Geoforum, 116<\/em>, 90\u201397.&nbsp;<a rel=\"noreferrer noopener\" href=\"https:\/\/doi.org\/10.1016\/j.geoforum.2020.08.004\" target=\"_blank\">https:\/\/doi.org\/10.1016\/j.geoforum.2020.08.004<\/a><\/p>\n\n\n\n<p><strong>Island geographies of separation and cohesion: The coronavirus (COVID\u201019) pandemic and the geopolitics of Kalaallit Nunaat (Greenland).<\/strong><br \/>A Grydeh\u00f8j, I Kelman, Ping Su. <em>Tijdschrift voor Economische en Sociale Geografie<\/em>, <em>111<\/em>(3), 288\u2013301. <a rel=\"noreferrer noopener\" href=\"https:\/\/doi.org\/10.1111\/tesg.12423\" target=\"_blank\">https:\/\/doi.org\/10.1111\/tesg.12423<\/a><\/p>\n\n\n\n<p>\u2192 For a full list of Adam&#8217;s publications, please visit his&nbsp;<a rel=\"noreferrer noopener\" href=\"https:\/\/scholar.google.dk\/citations?user=XSK6vEoAAAAJ&amp;hl=en\" target=\"_blank\">Google Scholar page<\/a>.<\/p>\n\n\n\n<div style=\"height:30px\" aria-hidden=\"true\" class=\"wp-block-spacer\"><\/div>\n\n\n\n<p class=\"has-normal-font-size\">ADDITIONAL RESOURCES<\/p>\n\n\n\n<div class=\"wp-block-columns is-layout-flex wp-container-core-columns-layout-1 wp-block-columns-is-layout-flex\">\n<div class=\"wp-block-column is-layout-flow wp-block-column-is-layout-flow\">\n<p><strong>Who cares about islands?<\/strong><br \/>In this video, Adam discusses the different ways in which different people value islands&#8211;as areas of pristine nature, as home, as sites for scientific experimentation, as places for preserving cultural heritage. <br \/>The presentation focuses on Macao SAR and Hengqin Island in China&#8217;s Pearl River Delta\/Greater Bay Area but also raises examples from elsewhere in China, the North Atlantic, and the Arctic.<\/p>\n<\/div>\n\n\n\n<div class=\"wp-block-column is-layout-flow wp-block-column-is-layout-flow\">\n<figure class=\"wp-block-embed-youtube wp-block-embed is-type-video is-provider-youtube wp-embed-aspect-4-3 wp-has-aspect-ratio\"><div class=\"wp-block-embed__wrapper\">\n<iframe loading=\"lazy\" title=\"Who cares about islands? - Adam Grydeh\u00f8j \u845b\u9646\u6d77\" width=\"584\" height=\"438\" src=\"https:\/\/www.youtube.com\/embed\/Q-U-jWNNSO4?feature=oembed\" frameborder=\"0\" allow=\"accelerometer; autoplay; clipboard-write; encrypted-media; gyroscope; picture-in-picture\" allowfullscreen><\/iframe>\n<\/div><\/figure>\n<\/div>\n<\/div>\n\n\n\n<div class=\"wp-block-columns is-layout-flex wp-container-core-columns-layout-2 wp-block-columns-is-layout-flex\">\n<div class=\"wp-block-column is-layout-flow wp-block-column-is-layout-flow\">\n<p><strong>Reflections on conspicuous sustainability: Ilan Kelman, Adam Grydeh\u00f8j &amp; Gen\u00e8ve Philip-Durham<\/strong><br \/>In the lead-up to 2020&#8217;s&nbsp;<a rel=\"noreferrer noopener\" href=\"http:\/\/virtualislandsummit.com\/\" target=\"_blank\">Virtual Island Summit<\/a>,&nbsp;James&nbsp;Ellsmoor of Island Innovation recently hosted a discussion with Adam Grydeh\u00f8j, Ilan Kelman, and Gen\u00e8ve Philip-Durham based on Adam Grydeh\u00f8j and Ilan Kelman&#8217;s paper, <a href=\"https:\/\/doi.org\/10.1016\/j.geoforum.2020.08.004\">Reflections on conspicuous sustainability: Creating Small Island Dependent States (SIDS) through Ostentatious Development Assistance (ODA)?<\/a>, which explores the relationship&nbsp;between islandness and aid, using&nbsp;the concept of &#8216;conspicuous&nbsp;sustainability&#8217; as a framework for understanding the propensity for aid to be directed toward small island territories.<\/p>\n<\/div>\n\n\n\n<div class=\"wp-block-column is-layout-flow wp-block-column-is-layout-flow\">\n<figure class=\"wp-block-embed-youtube wp-block-embed is-type-video is-provider-youtube wp-embed-aspect-4-3 wp-has-aspect-ratio wp-embed-aspect-16-9\"><div class=\"wp-block-embed__wrapper\">\n<iframe loading=\"lazy\" title=\"Reflections on conspicuous sustainability: Ilan Kelman, Adam Grydeh\u00f8j &amp; Gen\u00e8ve Philip-Durham\" width=\"584\" height=\"329\" src=\"https:\/\/www.youtube.com\/embed\/WQu7lJ48u1s?feature=oembed\" frameborder=\"0\" allow=\"accelerometer; autoplay; clipboard-write; encrypted-media; gyroscope; picture-in-picture\" allowfullscreen><\/iframe>\n<\/div><\/figure>\n<\/div>\n<\/div>\n\n\n\n<div style=\"height:52px\" aria-hidden=\"true\" class=\"wp-block-spacer\"><\/div>\n\n\n\n<hr class=\"wp-block-separator\" \/>\n\n\n\n<p class=\"has-text-align-center\"><a href=\"http:\/\/islandstudies.com\/research\/research-associates\/\" data-type=\"page\" data-id=\"538\">RESEARCH ASSOCIATES<\/a>  |  <a href=\"http:\/\/islandstudies.com\/research\/\" data-type=\"page\" data-id=\"964\">RESEARCH &amp; PUBLICATIONS<\/a><\/p>\n\n\n\n<div style=\"height:100px\" aria-hidden=\"true\" class=\"wp-block-spacer\"><\/div>\n\n\n\n<hr class=\"wp-block-separator has-css-opacity is-style-wide\" \/>\n\n\n\n<div class=\"wp-block-columns is-layout-flex wp-container-core-columns-layout-3 wp-block-columns-is-layout-flex\">\n<div class=\"wp-block-column is-layout-flow wp-block-column-is-layout-flow\" style=\"flex-basis:66.66%\"><form role=\"search\" method=\"get\" action=\"https:\/\/projects.upei.ca\/testforneal\/\" class=\"wp-block-search__button-inside wp-block-search__icon-button alignright wp-block-search\"    ><label class=\"wp-block-search__label screen-reader-text\" for=\"wp-block-search__input-1\" >Search<\/label><div class=\"wp-block-search__inside-wrapper \"  style=\"width: 536px\"><input class=\"wp-block-search__input\" id=\"wp-block-search__input-1\" placeholder=\"\" value=\"\" type=\"search\" name=\"s\" required \/><button aria-label=\"&#x1f50d;\" class=\"wp-block-search__button has-icon wp-element-button\" type=\"submit\" ><svg class=\"search-icon\" viewBox=\"0 0 24 24\" width=\"24\" height=\"24\">\n\t\t\t\t\t<path d=\"M13 5c-3.3 0-6 2.7-6 6 0 1.4.5 2.7 1.3 3.7l-3.8 3.8 1.1 1.1 3.8-3.8c1 .8 2.3 1.3 3.7 1.3 3.3 0 6-2.7 6-6S16.3 5 13 5zm0 10.5c-2.5 0-4.5-2-4.5-4.5s2-4.5 4.5-4.5 4.5 2 4.5 4.5-2 4.5-4.5 4.5z\"><\/path>\n\t\t\t\t<\/svg><\/button><\/div><\/form><\/div>\n\n\n\n<div class=\"wp-block-column is-vertically-aligned-center is-layout-flow wp-block-column-is-layout-flow\" style=\"flex-basis:36.7%\"><\/div>\n<\/div>\n\n\n\n<div class=\"wp-block-group is-layout-constrained wp-block-group-is-layout-constrained\"><div class=\"wp-block-group__inner-container\">\n<ul class=\"wp-block-social-links aligncenter is-style-logos-only is-layout-flex wp-block-social-links-is-layout-flex\"><li class=\"wp-social-link wp-social-link-twitter  wp-block-social-link\"><a href=\"https:\/\/twitter.com\/IISUPEI\" class=\"wp-block-social-link-anchor\"><svg width=\"24\" height=\"24\" viewBox=\"0 0 24 24\" version=\"1.1\" xmlns=\"http:\/\/www.w3.org\/2000\/svg\" aria-hidden=\"true\" focusable=\"false\"><path d=\"M22.23,5.924c-0.736,0.326-1.527,0.547-2.357,0.646c0.847-0.508,1.498-1.312,1.804-2.27 c-0.793,0.47-1.671,0.812-2.606,0.996C18.324,4.498,17.257,4,16.077,4c-2.266,0-4.103,1.837-4.103,4.103 c0,0.322,0.036,0.635,0.106,0.935C8.67,8.867,5.647,7.234,3.623,4.751C3.27,5.357,3.067,6.062,3.067,6.814 c0,1.424,0.724,2.679,1.825,3.415c-0.673-0.021-1.305-0.206-1.859-0.513c0,0.017,0,0.034,0,0.052c0,1.988,1.414,3.647,3.292,4.023 c-0.344,0.094-0.707,0.144-1.081,0.144c-0.264,0-0.521-0.026-0.772-0.074c0.522,1.63,2.038,2.816,3.833,2.85 c-1.404,1.1-3.174,1.756-5.096,1.756c-0.331,0-0.658-0.019-0.979-0.057c1.816,1.164,3.973,1.843,6.29,1.843 c7.547,0,11.675-6.252,11.675-11.675c0-0.178-0.004-0.355-0.012-0.531C20.985,7.47,21.68,6.747,22.23,5.924z\"><\/path><\/svg><span class=\"wp-block-social-link-label screen-reader-text\">Twitter<\/span><\/a><\/li>\n\n<li class=\"wp-social-link wp-social-link-facebook  wp-block-social-link\"><a href=\"https:\/\/facebook.com\/InstituteofIslandStudies\" class=\"wp-block-social-link-anchor\"><svg width=\"24\" height=\"24\" viewBox=\"0 0 24 24\" version=\"1.1\" xmlns=\"http:\/\/www.w3.org\/2000\/svg\" aria-hidden=\"true\" focusable=\"false\"><path d=\"M12 2C6.5 2 2 6.5 2 12c0 5 3.7 9.1 8.4 9.9v-7H7.9V12h2.5V9.8c0-2.5 1.5-3.9 3.8-3.9 1.1 0 2.2.2 2.2.2v2.5h-1.3c-1.2 0-1.6.8-1.6 1.6V12h2.8l-.4 2.9h-2.3v7C18.3 21.1 22 17 22 12c0-5.5-4.5-10-10-10z\"><\/path><\/svg><span class=\"wp-block-social-link-label screen-reader-text\">Facebook<\/span><\/a><\/li>\n\n<li class=\"wp-social-link wp-social-link-instagram  wp-block-social-link\"><a href=\"https:\/\/instagram.com\/instituteofislandstudies\" class=\"wp-block-social-link-anchor\"><svg width=\"24\" height=\"24\" viewBox=\"0 0 24 24\" version=\"1.1\" xmlns=\"http:\/\/www.w3.org\/2000\/svg\" aria-hidden=\"true\" focusable=\"false\"><path d=\"M12,4.622c2.403,0,2.688,0.009,3.637,0.052c0.877,0.04,1.354,0.187,1.671,0.31c0.42,0.163,0.72,0.358,1.035,0.673 c0.315,0.315,0.51,0.615,0.673,1.035c0.123,0.317,0.27,0.794,0.31,1.671c0.043,0.949,0.052,1.234,0.052,3.637 s-0.009,2.688-0.052,3.637c-0.04,0.877-0.187,1.354-0.31,1.671c-0.163,0.42-0.358,0.72-0.673,1.035 c-0.315,0.315-0.615,0.51-1.035,0.673c-0.317,0.123-0.794,0.27-1.671,0.31c-0.949,0.043-1.233,0.052-3.637,0.052 s-2.688-0.009-3.637-0.052c-0.877-0.04-1.354-0.187-1.671-0.31c-0.42-0.163-0.72-0.358-1.035-0.673 c-0.315-0.315-0.51-0.615-0.673-1.035c-0.123-0.317-0.27-0.794-0.31-1.671C4.631,14.688,4.622,14.403,4.622,12 s0.009-2.688,0.052-3.637c0.04-0.877,0.187-1.354,0.31-1.671c0.163-0.42,0.358-0.72,0.673-1.035 c0.315-0.315,0.615-0.51,1.035-0.673c0.317-0.123,0.794-0.27,1.671-0.31C9.312,4.631,9.597,4.622,12,4.622 M12,3 C9.556,3,9.249,3.01,8.289,3.054C7.331,3.098,6.677,3.25,6.105,3.472C5.513,3.702,5.011,4.01,4.511,4.511 c-0.5,0.5-0.808,1.002-1.038,1.594C3.25,6.677,3.098,7.331,3.054,8.289C3.01,9.249,3,9.556,3,12c0,2.444,0.01,2.751,0.054,3.711 c0.044,0.958,0.196,1.612,0.418,2.185c0.23,0.592,0.538,1.094,1.038,1.594c0.5,0.5,1.002,0.808,1.594,1.038 c0.572,0.222,1.227,0.375,2.185,0.418C9.249,20.99,9.556,21,12,21s2.751-0.01,3.711-0.054c0.958-0.044,1.612-0.196,2.185-0.418 c0.592-0.23,1.094-0.538,1.594-1.038c0.5-0.5,0.808-1.002,1.038-1.594c0.222-0.572,0.375-1.227,0.418-2.185 C20.99,14.751,21,14.444,21,12s-0.01-2.751-0.054-3.711c-0.044-0.958-0.196-1.612-0.418-2.185c-0.23-0.592-0.538-1.094-1.038-1.594 c-0.5-0.5-1.002-0.808-1.594-1.038c-0.572-0.222-1.227-0.375-2.185-0.418C14.751,3.01,14.444,3,12,3L12,3z M12,7.378 c-2.552,0-4.622,2.069-4.622,4.622S9.448,16.622,12,16.622s4.622-2.069,4.622-4.622S14.552,7.378,12,7.378z M12,15 c-1.657,0-3-1.343-3-3s1.343-3,3-3s3,1.343,3,3S13.657,15,12,15z M16.804,6.116c-0.596,0-1.08,0.484-1.08,1.08 s0.484,1.08,1.08,1.08c0.596,0,1.08-0.484,1.08-1.08S17.401,6.116,16.804,6.116z\"><\/path><\/svg><span class=\"wp-block-social-link-label screen-reader-text\">Instagram<\/span><\/a><\/li>\n\n\n\n<li class=\"wp-social-link wp-social-link-youtube  wp-block-social-link\"><a href=\"http:\/\/bit.ly\/IIS_YouTube\" class=\"wp-block-social-link-anchor\"><svg width=\"24\" height=\"24\" viewBox=\"0 0 24 24\" version=\"1.1\" xmlns=\"http:\/\/www.w3.org\/2000\/svg\" aria-hidden=\"true\" focusable=\"false\"><path d=\"M21.8,8.001c0,0-0.195-1.378-0.795-1.985c-0.76-0.797-1.613-0.801-2.004-0.847c-2.799-0.202-6.997-0.202-6.997-0.202 h-0.009c0,0-4.198,0-6.997,0.202C4.608,5.216,3.756,5.22,2.995,6.016C2.395,6.623,2.2,8.001,2.2,8.001S2,9.62,2,11.238v1.517 c0,1.618,0.2,3.237,0.2,3.237s0.195,1.378,0.795,1.985c0.761,0.797,1.76,0.771,2.205,0.855c1.6,0.153,6.8,0.201,6.8,0.201 s4.203-0.006,7.001-0.209c0.391-0.047,1.243-0.051,2.004-0.847c0.6-0.607,0.795-1.985,0.795-1.985s0.2-1.618,0.2-3.237v-1.517 C22,9.62,21.8,8.001,21.8,8.001z M9.935,14.594l-0.001-5.62l5.404,2.82L9.935,14.594z\"><\/path><\/svg><span class=\"wp-block-social-link-label screen-reader-text\">YouTube<\/span><\/a><\/li><\/ul>\n<\/div><\/div>\n\n\n\n<hr class=\"wp-block-separator has-css-opacity is-style-wide\" \/>\n\n\n\n<h6 class=\"wp-block-heading has-text-align-center\">\u00a9 2021 Institute of Island Studies, University of Prince Edward Island. All rights reserved.<\/h6>\n","protected":false},"excerpt":{"rendered":"<p>Institute of Island Studies | Research Associates Dr. Adam Grydeh\u00f8j \u845b\u9646\u6d77 Chair Professor, Research Center for Indian Ocean Island Countries, South China University of Technology;Co-Director, Island and Coastal Zone Institute, Zhejiang University;Director, Island Dynamics.Copenhagen, Denmark Adam Grydeh\u00f8j&#8217;s cross-disciplinary research concerns &hellip; <a href=\"https:\/\/projects.upei.ca\/testforneal\/research\/research-associates\/adam-grydehoj\/\">Continue reading <span class=\"meta-nav\">&rarr;<\/span><\/a><\/p>\n","protected":false},"author":1,"featured_media":0,"parent":538,"menu_order":0,"comment_status":"closed","ping_status":"closed","template":"","meta":{"footnotes":""},"tags":[],"_links":{"self":[{"href":"https:\/\/projects.upei.ca\/testforneal\/wp-json\/wp\/v2\/pages\/4750"}],"collection":[{"href":"https:\/\/projects.upei.ca\/testforneal\/wp-json\/wp\/v2\/pages"}],"about":[{"href":"https:\/\/projects.upei.ca\/testforneal\/wp-json\/wp\/v2\/types\/page"}],"author":[{"embeddable":true,"href":"https:\/\/projects.upei.ca\/testforneal\/wp-json\/wp\/v2\/users\/1"}],"replies":[{"embeddable":true,"href":"https:\/\/projects.upei.ca\/testforneal\/wp-json\/wp\/v2\/comments?post=4750"}],"version-history":[{"count":0,"href":"https:\/\/projects.upei.ca\/testforneal\/wp-json\/wp\/v2\/pages\/4750\/revisions"}],"up":[{"embeddable":true,"href":"https:\/\/projects.upei.ca\/testforneal\/wp-json\/wp\/v2\/pages\/538"}],"wp:attachment":[{"href":"https:\/\/projects.upei.ca\/testforneal\/wp-json\/wp\/v2\/media?parent=4750"}],"wp:term":[{"taxonomy":"post_tag","embeddable":true,"href":"https:\/\/projects.upei.ca\/testforneal\/wp-json\/wp\/v2\/tags?post=4750"}],"curies":[{"name":"wp","href":"https:\/\/api.w.org\/{rel}","templated":true}]}}