{"id":148,"date":"2016-10-24T15:36:41","date_gmt":"2016-10-24T18:36:41","guid":{"rendered":"http:\/\/projects.upei.ca\/unescochair\/?page_id=148"},"modified":"2021-04-07T17:29:15","modified_gmt":"2021-04-07T20:29:15","slug":"climate-change-and-islands-symposium","status":"publish","type":"page","link":"https:\/\/projects.upei.ca\/unescochair\/climate-change-and-islands-symposium\/","title":{"rendered":"Climate Change &amp; Islands Symposium (2016)"},"content":{"rendered":"\n<div style=\"height:31px\" aria-hidden=\"true\" class=\"wp-block-spacer\"><\/div>\n\n\n\n<h6 class=\"has-medium-font-size wp-block-heading\"><strong>Building Small Island Resilience to Global Climate Change:<\/strong><\/h6>\n\n\n\n<h6 class=\"has-medium-font-size wp-block-heading\">An International Symposium and Public Forum<\/h6>\n\n\n\n<div style=\"height:20px\" aria-hidden=\"true\" class=\"wp-block-spacer\"><\/div>\n\n\n\n<h6 class=\"wp-block-heading\" style=\"font-size:17px\">September 20\u201323, 2016<br>Charlottetown, Prince Edward Island, Canada<\/h6>\n\n\n\n<p style=\"font-size:14px\">Hosted by <a href=\"https:\/\/projects.upei.ca\/unescochair\/about-us\/\">UNESCO Chair in Island Studies and Sustainability<\/a> &amp; <a rel=\"noreferrer noopener\" href=\"https:\/\/projects.upei.ca\/climate\/\" target=\"_blank\">UPEI Climate Research Lab<\/a><\/p>\n\n\n\n<div style=\"height:31px\" aria-hidden=\"true\" class=\"wp-block-spacer\"><\/div>\n\n\n\n<p>This Symposium brought together 16 speakers from around the world to discuss how residents of small islands and coastal jurisdictions can build on their strengths and resourcefulness to respond to the consequences of climate change. The focus was on four areas: food security, renewable energy, innovation, and cultural heritage. <\/p>\n\n\n\n<p>Co-chaired by Dr. Jim Randall, co-holder of the UNESCO Chair in Island Studies and Sustainability at UPEI, and Dr. Adam Fenech, director of the UPEI Climate Lab, the symposium was funded in part by the Atlantic Canada Opportunity Agency (ACOA) and the province of Prince Edward Island.<\/p>\n\n\n\n<div class=\"wp-block-columns is-layout-flex wp-container-core-columns-layout-1 wp-block-columns-is-layout-flex\">\n<div class=\"wp-block-column is-layout-flow wp-block-column-is-layout-flow\" style=\"flex-basis:64.4%\">\n<figure class=\"wp-block-image size-large\"><a href=\"https:\/\/projects.upei.ca\/unescochair\/files\/2016\/10\/Keynotes-3.png\"><img loading=\"lazy\" decoding=\"async\" width=\"600\" height=\"446\" src=\"http:\/\/projects.upei.ca\/unescochair\/files\/2016\/10\/Keynotes-3.png\" alt=\"\" class=\"wp-image-213\" srcset=\"https:\/\/projects.upei.ca\/unescochair\/files\/2016\/10\/Keynotes-3.png 600w, https:\/\/projects.upei.ca\/unescochair\/files\/2016\/10\/Keynotes-3-300x223.png 300w, https:\/\/projects.upei.ca\/unescochair\/files\/2016\/10\/Keynotes-3-404x300.png 404w\" sizes=\"(max-width: 600px) 100vw, 600px\" \/><\/a><\/figure>\n<\/div>\n\n\n\n<div class=\"wp-block-column is-layout-flow wp-block-column-is-layout-flow\" style=\"flex-basis:43.7%\">\n<div style=\"height:149px\" aria-hidden=\"true\" class=\"wp-block-spacer\"><\/div>\n\n\n\n<p class=\"has-medium-gray-color has-text-color\" style=\"font-size:10px\"><em>L-R: <\/em>Dr. Godfrey Baldacchino, UNESCO Chair in Island Studies and Sustainability; Hon. David MacDonald; Dr. Catherine Potvin, Canada Research Chair&nbsp;on Climate Change Mitigation and Tropical Forests: Science for Empowerment, McGill University; Hon. Wade MacLauchlan, Premier of Prince Edward Island; Dr. Adam Fenech, Director, UPEI Climate Lab.<\/p>\n<\/div>\n<\/div>\n\n\n\n<p>Symposium speakers included climate and island studies experts who brought&nbsp;their unique knowledge and skills to the table. Speakers came from Australia, Vanuatu, Denmark, Faroe Islands, Gotland, Montreal, Toronto, St. John\u2019s, Tignish, Lennox Island, and Charlottetown. Together with an invited group of engaged audience participants, the symposium addressed the pressing issue of climate change and small islands in an action-oriented and policy-focused series of dialogues that aimed to provide public policy lessons for other jurisdictions.<\/p>\n\n\n\n<div class=\"wp-block-buttons aligncenter is-layout-flex wp-block-buttons-is-layout-flex\">\n<div class=\"wp-block-button\"><a class=\"wp-block-button__link has-background\" href=\"https:\/\/projects.upei.ca\/unescochair\/climate-change-and-islands-symposium\/presentations\/\" style=\"background-color:#2c667f\">Click here for presentation videos<\/a><\/div>\n<\/div>\n\n\n\n<div style=\"height:20px\" aria-hidden=\"true\" class=\"wp-block-spacer\"><\/div>\n\n\n\n<p>Part of the Symposium entailed a public forum event, held on September 26, 2016. To learn more about the Climate Change Adaptations and Islands Public Forum, <a rel=\"noreferrer noopener\" href=\"http:\/\/islandstudies.com\/events\/past-events\/events-archive\/public-forum-climate-change\/\" target=\"_blank\">visit the Institute of Island Studies website<\/a>.<\/p>\n\n\n\n<div class=\"wp-block-columns is-layout-flex wp-container-core-columns-layout-2 wp-block-columns-is-layout-flex\">\n<div class=\"wp-block-column is-layout-flow wp-block-column-is-layout-flow\" style=\"flex-basis:15.8%\"><\/div>\n\n\n\n<div class=\"wp-block-column is-layout-flow wp-block-column-is-layout-flow\" style=\"flex-basis:75%\">\n<p class=\"has-text-align-right has-text-color has-small-font-size\" style=\"color:#2d6279\"><br>\u201cThe symposium provides a great opportunity for us to focus on climate change and adaptation in respect to islands. The forum gives the public an important venue to have their input added to this discussion.&#8221;<br><em>\u2013 Dr. Adam Fenech, Director, UPEI Climate Lab<\/em><\/p>\n<\/div>\n\n\n\n<div class=\"wp-block-column is-vertically-aligned-center is-layout-flow wp-block-column-is-layout-flow\" style=\"flex-basis:29%\">\n<div class=\"wp-block-image is-style-rounded\"><figure class=\"alignleft size-thumbnail\"><img loading=\"lazy\" decoding=\"async\" width=\"150\" height=\"150\" src=\"https:\/\/projects.upei.ca\/unescochair\/files\/2021\/04\/CF25-13S-Fenech-Adam-929-MP3-edited-150x150.jpg\" alt=\"\" class=\"wp-image-1487\" \/><\/figure><\/div>\n\n\n\n<p class=\"has-text-color has-small-font-size\" style=\"color:#055a2b\"><\/p>\n<\/div>\n<\/div>\n\n\n\n<div class=\"wp-block-columns is-layout-flex wp-container-core-columns-layout-3 wp-block-columns-is-layout-flex\">\n<div class=\"wp-block-column is-layout-flow wp-block-column-is-layout-flow\" style=\"flex-basis:33.33%\">\n<div class=\"wp-block-image is-style-rounded\"><figure class=\"alignright size-thumbnail\"><img loading=\"lazy\" decoding=\"async\" width=\"150\" height=\"150\" src=\"https:\/\/projects.upei.ca\/unescochair\/files\/2021\/03\/Jim-Randall-low-res-edited-150x150.jpg\" alt=\"\" class=\"wp-image-1356\" \/><\/figure><\/div>\n<\/div>\n\n\n\n<div class=\"wp-block-column is-layout-flow wp-block-column-is-layout-flow\" style=\"flex-basis:100%\">\n<p class=\"has-text-color has-small-font-size\" style=\"color:#055a2b\">\u201cDespite being minor contributors to global climate change, many of the 600 million islanders of the world are seeing their way of life, and indeed the very existence of their islands, being threatened by human-induced global warming. This symposium and public forum are an opportunity to show how islands and islanders are being adaptive and resilient; and at the same time provide practical lessons to the rest of the world on how we should adapt to climate change.\u201d<br><em>\u2013 Dr. Jim Randall<\/em>, UNESCO Chair in Island Studies and Sustainability, UPEI<\/p>\n<\/div>\n<\/div>\n\n\n\n<div style=\"height:23px\" aria-hidden=\"true\" class=\"wp-block-spacer\"><\/div>\n\n\n\n<h6 class=\"has-normal-font-size wp-block-heading\">IN THE NEWS<\/h6>\n\n\n\n<ul id=\"block-6ca5c09c-70b2-40e4-824c-1bd9b9eef1db\"><li><a rel=\"noreferrer noopener\" href=\"https:\/\/www.cbc.ca\/news\/canada\/prince-edward-island\/pei-david-macdonald-climate-change-1.3772028\" target=\"_blank\">&#8216;We can be ambassadors of our own fate&#8217;: A call to action on climate change<\/a> <br>(CBC News, September 21, 2016)<\/li><li><a rel=\"noreferrer noopener\" href=\"https:\/\/www.cbc.ca\/news\/canada\/prince-edward-island\/climate-change-affect-islanders-1.3773246\" target=\"_blank\">Climate change affects Islanders each day, says expert<\/a> <br>(CBC News, September 21, 2016)<\/li><\/ul>\n\n\n\n<div class=\"wp-block-columns is-layout-flex wp-container-core-columns-layout-4 wp-block-columns-is-layout-flex\">\n<div class=\"wp-block-column is-layout-flow wp-block-column-is-layout-flow\" style=\"flex-basis:33.34%\">\n<h6 class=\"has-normal-font-size wp-block-heading\">VIDEOS<\/h6>\n\n\n\n<figure class=\"wp-block-image size-large\"><a href=\"https:\/\/www.youtube.com\/watch?v=QHkBHmoSkXg\" target=\"_blank\" rel=\"noopener noreferrer\"><img loading=\"lazy\" decoding=\"async\" width=\"848\" height=\"482\" src=\"http:\/\/projects.upei.ca\/unescochair\/files\/2016\/10\/Video-1-capture.png\" alt=\"\" class=\"wp-image-196\" srcset=\"https:\/\/projects.upei.ca\/unescochair\/files\/2016\/10\/Video-1-capture.png 848w, https:\/\/projects.upei.ca\/unescochair\/files\/2016\/10\/Video-1-capture-300x171.png 300w, https:\/\/projects.upei.ca\/unescochair\/files\/2016\/10\/Video-1-capture-768x437.png 768w, https:\/\/projects.upei.ca\/unescochair\/files\/2016\/10\/Video-1-capture-500x284.png 500w\" sizes=\"(max-width: 848px) 100vw, 848px\" \/><\/a><\/figure>\n\n\n\n<p style=\"font-size:14px\"><strong>Symposium Teaser<\/strong><br>Video by Brian Ogden with assistance from Jeff Eager<br><a rel=\"noreferrer noopener\" href=\"https:\/\/www.youtube.com\/watch?v=QHkBHmoSkXg\" target=\"_blank\">Click to watch<\/a><\/p>\n<\/div>\n\n\n\n<div class=\"wp-block-column is-layout-flow wp-block-column-is-layout-flow\" style=\"flex-basis:33.34%\">\n<div style=\"height:25px\" aria-hidden=\"true\" class=\"wp-block-spacer\"><\/div>\n\n\n\n<figure class=\"wp-block-image size-large\"><a href=\"https:\/\/www.youtube.com\/watch?v=k4AQQZYh23w&amp;feature=youtu.be\" target=\"_blank\" rel=\"noopener noreferrer\"><img loading=\"lazy\" decoding=\"async\" width=\"641\" height=\"362\" src=\"http:\/\/projects.upei.ca\/unescochair\/files\/2016\/12\/Video-capture.png\" alt=\"\" class=\"wp-image-336\" srcset=\"https:\/\/projects.upei.ca\/unescochair\/files\/2016\/12\/Video-capture.png 641w, https:\/\/projects.upei.ca\/unescochair\/files\/2016\/12\/Video-capture-301x170.png 301w, https:\/\/projects.upei.ca\/unescochair\/files\/2016\/12\/Video-capture-500x282.png 500w\" sizes=\"(max-width: 641px) 100vw, 641px\" \/><\/a><\/figure>\n\n\n\n<p style=\"font-size:14px\"><strong>Symposium Introduction<\/strong><br>Video by Brian Ogden with assistance from Jeff Eager<br><a rel=\"noreferrer noopener\" href=\"https:\/\/www.youtube.com\/watch?v=k4AQQZYh23w&amp;feature=youtu.be\" target=\"_blank\">Click to watch<\/a><\/p>\n\n\n\n<p> <\/p>\n<\/div>\n\n\n\n<div class=\"wp-block-column is-layout-flow wp-block-column-is-layout-flow\" style=\"flex-basis:33.33%\">\n<div style=\"height:28px\" aria-hidden=\"true\" class=\"wp-block-spacer\"><\/div>\n\n\n\n<figure class=\"wp-block-embed-youtube wp-block-embed is-type-video is-provider-youtube wp-embed-aspect-16-9 wp-has-aspect-ratio\"><div class=\"wp-block-embed__wrapper\">\n<iframe loading=\"lazy\" title=\"Building Small Island Resilience to Global Climate Change Symposium, 22-09-16\" width=\"584\" height=\"329\" src=\"https:\/\/www.youtube.com\/embed\/GLiaEHGNCdY?start=617&#038;feature=oembed\" frameborder=\"0\" allow=\"accelerometer; autoplay; clipboard-write; encrypted-media; gyroscope; picture-in-picture\" allowfullscreen><\/iframe>\n<\/div><\/figure>\n\n\n\n<div style=\"height:20px\" aria-hidden=\"true\" class=\"wp-block-spacer\"><\/div>\n\n\n\n<p style=\"font-size:14px\">Event: <strong>Public Forum<\/strong><br>September 26, 2016<br><a rel=\"noreferrer noopener\" href=\"http:\/\/islandstudies.com\/events\/past-events\/events-archive\/public-forum-climate-change\/\" target=\"_blank\">More details<\/a><\/p>\n<\/div>\n<\/div>\n\n\n\n<div style=\"height:20px\" aria-hidden=\"true\" id=\"presentations\" class=\"wp-block-spacer\"><\/div>\n\n\n\n<h6 class=\"has-normal-font-size wp-block-heading\">REPORTS &amp; RESOURCES<\/h6>\n\n\n\n<div style=\"height:20px\" aria-hidden=\"true\" class=\"wp-block-spacer\"><\/div>\n\n\n\n<ul><li><a href=\"https:\/\/projects.upei.ca\/unescochair\/wp-admin\/post.php?post=157&amp;action=edit\">Symposium Program<\/a><\/li><li><em><a rel=\"noreferrer noopener\" href=\"https:\/\/projects.upei.ca\/unescochair\/files\/2016\/10\/Backgrounder-by-Patrick-Nunn-30-08-16-final.pdf\" target=\"_blank\">Background Paper: Building Small Island Resilience to Global Climate Change<\/a><\/em><br>Prof. Patrick D. Nunn, Associate Director, Sustainability Research Centre, University of the Sunshine Coast, Australia<\/li><\/ul>\n\n\n\n<ul><li><a rel=\"noreferrer noopener\" href=\"https:\/\/projects.upei.ca\/unescochair\/files\/2016\/10\/Charlottetown-Statement-print-version.pdf\" target=\"_blank\">Charlottetown Statement: Building Small Island Resilience to Global Climate Change<\/a> (PDF &#8211; English)<\/li><li><a rel=\"noreferrer noopener\" href=\"https:\/\/projects.upei.ca\/unescochair\/files\/2016\/11\/Charlottetown-French-Statement-4.pdf\" target=\"_blank\">D\u00e9claration de Charlottetown: Face au changement global du climat, la r\u00e9silience des petites \u00eeles<\/a> (PDF &#8211; En Francais; Traduir par\/Translated by Helene Chevrier)<\/li><\/ul>\n\n\n\n<figure class=\"wp-block-gallery columns-2 is-cropped wp-block-gallery-1 is-layout-flex wp-block-gallery-is-layout-flex\"><ul class=\"blocks-gallery-grid\"><li class=\"blocks-gallery-item\"><figure><img loading=\"lazy\" decoding=\"async\" width=\"773\" height=\"1000\" src=\"https:\/\/projects.upei.ca\/unescochair\/files\/2021\/04\/Charlottetown-Statement-Building-Small-Island-Resilience-to-Global-Climate-Change-2016-773x1000.png\" alt=\"\" data-id=\"1490\" data-full-url=\"https:\/\/projects.upei.ca\/unescochair\/files\/2021\/04\/Charlottetown-Statement-Building-Small-Island-Resilience-to-Global-Climate-Change-2016.png\" data-link=\"https:\/\/projects.upei.ca\/unescochair\/climate-change-and-islands-symposium\/charlottetown-statement-building-small-island-resilience-to-global-climate-change-2016\/\" class=\"wp-image-1490\" srcset=\"https:\/\/projects.upei.ca\/unescochair\/files\/2021\/04\/Charlottetown-Statement-Building-Small-Island-Resilience-to-Global-Climate-Change-2016-773x1000.png 773w, https:\/\/projects.upei.ca\/unescochair\/files\/2021\/04\/Charlottetown-Statement-Building-Small-Island-Resilience-to-Global-Climate-Change-2016-233x301.png 233w, https:\/\/projects.upei.ca\/unescochair\/files\/2021\/04\/Charlottetown-Statement-Building-Small-Island-Resilience-to-Global-Climate-Change-2016-768x994.png 768w, https:\/\/projects.upei.ca\/unescochair\/files\/2021\/04\/Charlottetown-Statement-Building-Small-Island-Resilience-to-Global-Climate-Change-2016-1187x1536.png 1187w, https:\/\/projects.upei.ca\/unescochair\/files\/2021\/04\/Charlottetown-Statement-Building-Small-Island-Resilience-to-Global-Climate-Change-2016-1583x2048.png 1583w, https:\/\/projects.upei.ca\/unescochair\/files\/2021\/04\/Charlottetown-Statement-Building-Small-Island-Resilience-to-Global-Climate-Change-2016-232x300.png 232w\" sizes=\"(max-width: 773px) 100vw, 773px\" \/><\/figure><\/li><li class=\"blocks-gallery-item\"><figure><img loading=\"lazy\" decoding=\"async\" width=\"773\" height=\"1000\" src=\"https:\/\/projects.upei.ca\/unescochair\/files\/2021\/04\/De\u0301claration-de-Charlottetown-2016-773x1000.png\" alt=\"\" data-id=\"1489\" data-full-url=\"https:\/\/projects.upei.ca\/unescochair\/files\/2021\/04\/De\u0301claration-de-Charlottetown-2016.png\" data-link=\"https:\/\/projects.upei.ca\/unescochair\/climate-change-and-islands-symposium\/declaration-de-charlottetown-2016\/\" class=\"wp-image-1489\" srcset=\"https:\/\/projects.upei.ca\/unescochair\/files\/2021\/04\/De\u0301claration-de-Charlottetown-2016-773x1000.png 773w, https:\/\/projects.upei.ca\/unescochair\/files\/2021\/04\/De\u0301claration-de-Charlottetown-2016-233x301.png 233w, https:\/\/projects.upei.ca\/unescochair\/files\/2021\/04\/De\u0301claration-de-Charlottetown-2016-768x994.png 768w, https:\/\/projects.upei.ca\/unescochair\/files\/2021\/04\/De\u0301claration-de-Charlottetown-2016-1187x1536.png 1187w, https:\/\/projects.upei.ca\/unescochair\/files\/2021\/04\/De\u0301claration-de-Charlottetown-2016-1583x2048.png 1583w, https:\/\/projects.upei.ca\/unescochair\/files\/2021\/04\/De\u0301claration-de-Charlottetown-2016-232x300.png 232w\" sizes=\"(max-width: 773px) 100vw, 773px\" \/><\/figure><\/li><\/ul><\/figure>\n\n\n\n<p><\/p>\n\n\n\n<div style=\"height:20px\" aria-hidden=\"true\" class=\"wp-block-spacer\"><\/div>\n\n\n\n<div style=\"height:32px\" aria-hidden=\"true\" class=\"wp-block-spacer\"><\/div>\n\n\n\n<hr class=\"wp-block-separator\" \/>\n\n\n\n<p class=\"has-text-align-center\"><a href=\"http:\/\/islandstudies.com\/events\/past-events\/events-archive\/\" data-type=\"page\" data-id=\"25\">RETURN TO CONFERENCES &amp; EVENTS<\/a><\/p>\n\n\n\n<div style=\"height:24px\" aria-hidden=\"true\" class=\"wp-block-spacer\"><\/div>\n\n\n\n<div class=\"wp-block-group\"><div class=\"wp-block-group__inner-container is-layout-flow wp-block-group-is-layout-flow\">\n<div class=\"wp-block-group\"><div class=\"wp-block-group__inner-container is-layout-flow wp-block-group-is-layout-flow\">\n<div class=\"wp-block-group\"><div class=\"wp-block-group__inner-container is-layout-flow wp-block-group-is-layout-flow\">\n<hr class=\"wp-block-separator is-style-wide\" \/>\n\n\n\n<div style=\"height:20px\" aria-hidden=\"true\" class=\"wp-block-spacer\"><\/div>\n\n\n<form role=\"search\" method=\"get\" action=\"https:\/\/projects.upei.ca\/unescochair\/\" class=\"wp-block-search__button-outside wp-block-search__text-button aligncenter wp-block-search\"    ><label class=\"wp-block-search__label screen-reader-text\" for=\"wp-block-search__input-2\" >Search<\/label><div class=\"wp-block-search__inside-wrapper \" ><input class=\"wp-block-search__input\" id=\"wp-block-search__input-2\" placeholder=\"\" value=\"\" type=\"search\" name=\"s\" required \/><button aria-label=\"\ud83d\udd0d\" class=\"wp-block-search__button wp-element-button\" type=\"submit\" >\ud83d\udd0d<\/button><\/div><\/form>\n\n\n<div style=\"height:20px\" aria-hidden=\"true\" class=\"wp-block-spacer\"><\/div>\n\n\n\n<h3 class=\"has-text-align-left wp-block-heading\"><a href=\"http:\/\/projects.upei.ca\/unescochair\">HOME<\/a>  |  <a href=\"https:\/\/projects.upei.ca\/unescochair\/about-us\/\" data-type=\"page\" data-id=\"13\">ABOUT<\/a>  | <a href=\"http:\/\/islandstudies.com\/about-iis\">INSTITUTE OF ISLAND STUDIES<\/a><\/h3>\n\n\n\n<h3 class=\"has-text-align-left wp-block-heading\" id=\"block-51366f97-2f65-47d6-8925-d6149884dd7d\">\u00a9 2021 &nbsp;UNESCO CHAIR IN ISLAND STUDIES AND SUSTAINABILITY, UPEI. ALL RIGHTS RESERVED.<\/h3>\n<\/div><\/div>\n<\/div><\/div>\n<\/div><\/div>\n\n\n\n<h1 class=\"story-title wp-block-heading\">&nbsp;<\/h1>\n","protected":false},"excerpt":{"rendered":"<p>Building Small Island Resilience to Global Climate Change: An International Symposium and Public Forum September 20\u201323, 2016Charlottetown, Prince Edward Island, Canada Hosted by UNESCO Chair in Island Studies and Sustainability &amp; UPEI Climate Research Lab This Symposium brought together 16 &hellip; <a href=\"https:\/\/projects.upei.ca\/unescochair\/climate-change-and-islands-symposium\/\">Continue reading <span class=\"meta-nav\">&rarr;<\/span><\/a><\/p>\n","protected":false},"author":107,"featured_media":0,"parent":0,"menu_order":0,"comment_status":"closed","ping_status":"closed","template":"","meta":{"footnotes":""},"tags":[],"jetpack_sharing_enabled":true,"_links":{"self":[{"href":"https:\/\/projects.upei.ca\/unescochair\/wp-json\/wp\/v2\/pages\/148"}],"collection":[{"href":"https:\/\/projects.upei.ca\/unescochair\/wp-json\/wp\/v2\/pages"}],"about":[{"href":"https:\/\/projects.upei.ca\/unescochair\/wp-json\/wp\/v2\/types\/page"}],"author":[{"embeddable":true,"href":"https:\/\/projects.upei.ca\/unescochair\/wp-json\/wp\/v2\/users\/107"}],"replies":[{"embeddable":true,"href":"https:\/\/projects.upei.ca\/unescochair\/wp-json\/wp\/v2\/comments?post=148"}],"version-history":[{"count":37,"href":"https:\/\/projects.upei.ca\/unescochair\/wp-json\/wp\/v2\/pages\/148\/revisions"}],"predecessor-version":[{"id":1495,"href":"https:\/\/projects.upei.ca\/unescochair\/wp-json\/wp\/v2\/pages\/148\/revisions\/1495"}],"wp:attachment":[{"href":"https:\/\/projects.upei.ca\/unescochair\/wp-json\/wp\/v2\/media?parent=148"}],"wp:term":[{"taxonomy":"post_tag","embeddable":true,"href":"https:\/\/projects.upei.ca\/unescochair\/wp-json\/wp\/v2\/tags?post=148"}],"curies":[{"name":"wp","href":"https:\/\/api.w.org\/{rel}","templated":true}]}}